{"id":18,"date":"2025-08-06T07:46:53","date_gmt":"2025-08-06T07:46:53","guid":{"rendered":"https:\/\/hooldest.ee\/%d1%80%d0%b5%d0%bc%d0%be%d0%bd%d1%82-%d0%ba%d1%80%d1%8b%d1%88%d0%b8\/"},"modified":"2025-09-24T11:08:31","modified_gmt":"2025-09-24T11:08:31","slug":"katuste-remont","status":"publish","type":"page","link":"https:\/\/hooldest.ee\/ru\/katuste-remont\/","title":{"rendered":"\u0420\u0435\u043c\u043e\u043d\u0442 \u043a\u0440\u044b\u0448\u0438"},"content":{"rendered":"<div data-elementor-type=\"wp-page\" data-elementor-id=\"18\" class=\"elementor elementor-18\">\n\t\t\t\t<div class=\"elementor-element elementor-element-a4f6103 e-flex e-con-boxed e-con e-parent\" data-id=\"a4f6103\" data-element_type=\"container\" data-e-type=\"container\">\n\t\t\t\t\t<div class=\"e-con-inner\">\n\t\t\t\t<div class=\"elementor-element elementor-element-cc48a23 elementor-widget elementor-widget-spacer\" data-id=\"cc48a23\" data-element_type=\"widget\" data-e-type=\"widget\" data-widget_type=\"spacer.default\">\n\t\t\t\t\t\t\t<div class=\"elementor-spacer\">\n\t\t\t<div class=\"elementor-spacer-inner\"><\/div>\n\t\t<\/div>\n\t\t\t\t\t\t<\/div>\n\t\t\t\t\t<\/div>\n\t\t\t\t<\/div>\n\t\t<div class=\"elementor-element elementor-element-b3c5b83 e-flex e-con-boxed e-con e-parent\" data-id=\"b3c5b83\" data-element_type=\"container\" data-e-type=\"container\">\n\t\t\t\t\t<div class=\"e-con-inner\">\n\t\t<div class=\"elementor-element elementor-element-46cf8d5 e-con-full e-flex e-con e-child\" data-id=\"46cf8d5\" data-element_type=\"container\" data-e-type=\"container\">\n\t\t\t\t<div class=\"elementor-element elementor-element-523c0a3 elementor-widget elementor-widget-heading\" data-id=\"523c0a3\" data-element_type=\"widget\" data-e-type=\"widget\" data-widget_type=\"heading.default\">\n\t\t\t\t\t<h2 class=\"elementor-heading-title elementor-size-default\">\u0420\u0435\u043c\u043e\u043d\u0442 \u043a\u0440\u044b\u0448\u0438<\/h2>\t\t\t\t<\/div>\n\t\t\t\t<div class=\"elementor-element elementor-element-e525d67 elementor-widget elementor-widget-text-editor\" data-id=\"e525d67\" data-element_type=\"widget\" data-e-type=\"widget\" data-widget_type=\"text-editor.default\">\n\t\t\t\t\t\t\t\t\t<p>\u041f\u0440\u043e\u0444\u0435\u0441\u0441\u0438\u043e\u043d\u0430\u043b\u044c\u043d\u044b\u0439 \u0440\u0435\u043c\u043e\u043d\u0442 \u043c\u044f\u0433\u043a\u043e\u0439 \u043a\u0440\u043e\u0432\u043b\u0438 \u0441 \u0433\u0430\u0440\u0430\u043d\u0442\u0438\u0435\u0439 \u043a\u0430\u0447\u0435\u0441\u0442\u0432\u0430. \u0423\u0441\u0442\u0440\u0430\u043d\u044f\u0435\u043c \u043f\u0440\u043e\u0442\u0435\u0447\u043a\u0438, \u0437\u0430\u043c\u0435\u043d\u044f\u0435\u043c \u043f\u043e\u0432\u0440\u0435\u0436\u0434\u0451\u043d\u043d\u044b\u0435 \u0443\u0447\u0430\u0441\u0442\u043a\u0438, \u0432\u043e\u0441\u0441\u0442\u0430\u043d\u0430\u0432\u043b\u0438\u0432\u0430\u0435\u043c \u0433\u0435\u0440\u043c\u0435\u0442\u0438\u0447\u043d\u043e\u0441\u0442\u044c \u0438 \u043f\u0440\u043e\u0434\u043b\u0435\u0432\u0430\u0435\u043c \u0441\u0440\u043e\u043a \u0441\u043b\u0443\u0436\u0431\u044b \u043a\u0440\u043e\u0432\u0435\u043b\u044c\u043d\u043e\u0433\u043e \u043f\u043e\u043a\u0440\u044b\u0442\u0438\u044f. \u0420\u0430\u0431\u043e\u0442\u0430\u0435\u043c \u0431\u044b\u0441\u0442\u0440\u043e, \u0430\u043a\u043a\u0443\u0440\u0430\u0442\u043d\u043e \u0438 \u0441 \u0438\u0441\u043f\u043e\u043b\u044c\u0437\u043e\u0432\u0430\u043d\u0438\u0435\u043c \u043d\u0430\u0434\u0451\u0436\u043d\u044b\u0445 \u043c\u0430\u0442\u0435\u0440\u0438\u0430\u043b\u043e\u0432.\u00a0<\/p><p>\u041e\u0447\u0438\u0441\u0442\u043a\u0430 \u043a\u0440\u044b\u0448 \u043c\u043d\u043e\u0433\u043e\u043a\u0432\u0430\u0440\u0442\u0438\u0440\u043d\u044b\u0445 \u0434\u043e\u043c\u043e\u0432 \u0441 \u043f\u043e\u0441\u043b\u0435\u0434\u0443\u044e\u0449\u0435\u0439 \u0434\u0435\u0444\u0435\u043a\u0442\u0430\u0446\u0438\u0435\u0439 \u043f\u0440\u043e\u0431\u043b\u0435\u043c\u043d\u044b\u0445 \u0443\u0447\u0430\u0441\u0442\u043a\u043e\u0432.<\/p>\t\t\t\t\t\t\t\t<\/div>\n\t\t\t\t<div class=\"elementor-element elementor-element-e596c48 elementor-widget elementor-widget-button\" data-id=\"e596c48\" data-element_type=\"widget\" data-e-type=\"widget\" data-widget_type=\"button.default\">\n\t\t\t\t\t\t\t\t\t\t<a class=\"elementor-button elementor-button-link elementor-size-sm\" href=\"https:\/\/hooldest.ee\/ru\/kontakt\/\">\n\t\t\t\t\t\t<span class=\"elementor-button-content-wrapper\">\n\t\t\t\t\t\t\t\t\t<span class=\"elementor-button-text\">\u0421\u0432\u044f\u0437\u0430\u0442\u044c\u0441\u044f \u0441 \u043d\u0430\u043c\u0438<\/span>\n\t\t\t\t\t<\/span>\n\t\t\t\t\t<\/a>\n\t\t\t\t\t\t\t\t<\/div>\n\t\t\t\t<\/div>\n\t\t<div class=\"elementor-element elementor-element-6d1aa13 e-con-full e-flex e-con e-child\" data-id=\"6d1aa13\" data-element_type=\"container\" data-e-type=\"container\">\n\t\t\t\t<div class=\"elementor-element elementor-element-2f2d44b elementor-widget elementor-widget-image\" data-id=\"2f2d44b\" data-element_type=\"widget\" data-e-type=\"widget\" data-widget_type=\"image.default\">\n\t\t\t\t\t\t\t\t\t\t\t\t\t\t\t\t<a href=\"https:\/\/hooldest.ee\/wp-content\/uploads\/2025\/08\/istockphoto-1172013285-612x612-1.jpg\" data-elementor-open-lightbox=\"yes\" data-e-action-hash=\"#elementor-action%3Aaction%3Dlightbox%26settings%3DeyJpZCI6MTI2LCJ1cmwiOiJodHRwczpcL1wvaG9vbGRlc3QuZWVcL3dwLWNvbnRlbnRcL3VwbG9hZHNcLzIwMjVcLzA4XC9pc3RvY2twaG90by0xMTcyMDEzMjg1LTYxMng2MTItMS5qcGcifQ%3D%3D\">\n\t\t\t\t\t\t\t<img fetchpriority=\"high\" decoding=\"async\" width=\"612\" height=\"408\" src=\"https:\/\/hooldest.ee\/wp-content\/uploads\/2025\/08\/istockphoto-1172013285-612x612-1.jpg\" class=\"attachment-large size-large wp-image-126\" alt=\"\" srcset=\"https:\/\/hooldest.ee\/wp-content\/uploads\/2025\/08\/istockphoto-1172013285-612x612-1.jpg 612w, https:\/\/hooldest.ee\/wp-content\/uploads\/2025\/08\/istockphoto-1172013285-612x612-1-300x200.jpg 300w, https:\/\/hooldest.ee\/wp-content\/uploads\/2025\/08\/istockphoto-1172013285-612x612-1-18x12.jpg 18w\" sizes=\"(max-width: 612px) 100vw, 612px\" \/>\t\t\t\t\t\t\t\t<\/a>\n\t\t\t\t\t\t\t\t\t\t\t\t\t\t\t<\/div>\n\t\t\t\t<div class=\"elementor-element elementor-element-46767c5 elementor-widget__width-initial elementor-arrows-position-inside elementor-pagination-position-outside elementor-widget elementor-widget-image-carousel\" data-id=\"46767c5\" data-element_type=\"widget\" data-e-type=\"widget\" data-settings=\"{&quot;navigation&quot;:&quot;both&quot;,&quot;autoplay&quot;:&quot;yes&quot;,&quot;pause_on_hover&quot;:&quot;yes&quot;,&quot;pause_on_interaction&quot;:&quot;yes&quot;,&quot;autoplay_speed&quot;:5000,&quot;infinite&quot;:&quot;yes&quot;,&quot;speed&quot;:500}\" data-widget_type=\"image-carousel.default\">\n\t\t\t\t\t\t\t<div class=\"elementor-image-carousel-wrapper swiper\" role=\"region\" aria-roledescription=\"carousel\" aria-label=\"Image Carousel\" dir=\"ltr\">\n\t\t\t<div class=\"elementor-image-carousel swiper-wrapper\" aria-live=\"off\">\n\t\t\t\t\t\t\t\t<div class=\"swiper-slide\" role=\"group\" aria-roledescription=\"slide\" aria-label=\"1 of 1\"><a data-elementor-open-lightbox=\"yes\" data-elementor-lightbox-slideshow=\"46767c5\" data-e-action-hash=\"#elementor-action%3Aaction%3Dlightbox%26settings%3DeyJpZCI6Njc0LCJ1cmwiOiJodHRwczpcL1wvaG9vbGRlc3QuZWVcL3dwLWNvbnRlbnRcL3VwbG9hZHNcLzIwMjVcLzA5XC9sb25nLXNob3QtbWFuLXdvcmtpbmctcm9vZl8yMy0yMTQ4NzQ4Nzc3LmF2aWYiLCJzbGlkZXNob3ciOiI0Njc2N2M1In0%3D\" href=\"https:\/\/hooldest.ee\/wp-content\/uploads\/2025\/09\/long-shot-man-working-roof_23-2148748777.avif\"><figure class=\"swiper-slide-inner\"><img decoding=\"async\" class=\"swiper-slide-image\" src=\"https:\/\/hooldest.ee\/wp-content\/uploads\/2025\/09\/long-shot-man-working-roof_23-2148748777-150x150.avif\" alt=\"long-shot-man-working-roof_23-2148748777\" \/><\/figure><\/a><\/div>\t\t\t<\/div>\n\t\t\t\t\t<\/div>\n\t\t\t\t\t\t<\/div>\n\t\t\t\t<\/div>\n\t\t\t\t\t<\/div>\n\t\t\t\t<\/div>\n\t\t<div class=\"elementor-element elementor-element-e2d807b e-flex e-con-boxed e-con e-parent\" data-id=\"e2d807b\" data-element_type=\"container\" data-e-type=\"container\">\n\t\t\t\t\t<div class=\"e-con-inner\">\n\t\t\t\t<div class=\"elementor-element elementor-element-20f18b9 elementor-widget elementor-widget-spacer\" data-id=\"20f18b9\" data-element_type=\"widget\" data-e-type=\"widget\" data-widget_type=\"spacer.default\">\n\t\t\t\t\t\t\t<div class=\"elementor-spacer\">\n\t\t\t<div class=\"elementor-spacer-inner\"><\/div>\n\t\t<\/div>\n\t\t\t\t\t\t<\/div>\n\t\t\t\t\t<\/div>\n\t\t\t\t<\/div>\n\t\t\t\t<\/div>","protected":false},"excerpt":{"rendered":"<p>Katuste remont Professionaalne pehme katuse remont kvaliteedigarantiiga.\u00a0K\u00f5rvaldame lekked, vahetame kahjustatud kohad, taastame tiheduse ja pikendame katusekatte kasutusiga. T\u00f6\u00f6tame kiiresti, hoolikalt ja usaldusv\u00e4\u00e4rseid materjale kasutades.\u00a0 K\u00f5rgete hoonete katuste puhastamine koos j\u00e4rgneva probleemsete kohtade defektide k\u00f5rvaldamisega. V\u00f5ta \u00fchendust<\/p>","protected":false},"author":1,"featured_media":0,"parent":0,"menu_order":0,"comment_status":"closed","ping_status":"closed","template":"","meta":{"pgc_sgb_lightbox_settings":"","footnotes":""},"class_list":["post-18","page","type-page","status-publish","hentry"],"yoast_head":"<!-- This site is optimized with the Yoast SEO plugin v27.4 - https:\/\/yoast.com\/product\/yoast-seo-wordpress\/ -->\n<title>Katuste remont - Hooldest<\/title>\n<meta name=\"robots\" content=\"index, follow, max-snippet:-1, max-image-preview:large, max-video-preview:-1\" \/>\n<link rel=\"canonical\" href=\"https:\/\/hooldest.ee\/ru\/katuste-remont\/\" \/>\n<meta property=\"og:locale\" content=\"ru_RU\" \/>\n<meta property=\"og:type\" content=\"article\" \/>\n<meta property=\"og:title\" content=\"Katuste remont - Hooldest\" \/>\n<meta property=\"og:description\" content=\"Katuste remont Professionaalne pehme katuse remont kvaliteedigarantiiga.\u00a0K\u00f5rvaldame lekked, vahetame kahjustatud kohad, taastame tiheduse ja pikendame katusekatte kasutusiga. T\u00f6\u00f6tame kiiresti, hoolikalt ja usaldusv\u00e4\u00e4rseid materjale kasutades.\u00a0 K\u00f5rgete hoonete katuste puhastamine koos j\u00e4rgneva probleemsete kohtade defektide k\u00f5rvaldamisega. V\u00f5ta \u00fchendust\" \/>\n<meta property=\"og:url\" content=\"https:\/\/hooldest.ee\/ru\/katuste-remont\/\" \/>\n<meta property=\"og:site_name\" content=\"Hooldest\" \/>\n<meta property=\"article:publisher\" content=\"https:\/\/www.facebook.com\/profile.php?id=61573741876858#\" \/>\n<meta property=\"article:modified_time\" content=\"2025-09-24T11:08:31+00:00\" \/>\n<meta property=\"og:image\" content=\"https:\/\/hooldest.ee\/wp-content\/uploads\/2025\/08\/istockphoto-1172013285-612x612-1.jpg\" \/>\n\t<meta property=\"og:image:width\" content=\"612\" \/>\n\t<meta property=\"og:image:height\" content=\"408\" \/>\n\t<meta property=\"og:image:type\" content=\"image\/jpeg\" \/>\n<meta name=\"twitter:card\" content=\"summary_large_image\" \/>\n<meta name=\"twitter:label1\" content=\"\u041f\u0440\u0438\u043c\u0435\u0440\u043d\u043e\u0435 \u0432\u0440\u0435\u043c\u044f \u0434\u043b\u044f \u0447\u0442\u0435\u043d\u0438\u044f\" \/>\n\t<meta name=\"twitter:data1\" content=\"1 \u043c\u0438\u043d\u0443\u0442\u0430\" \/>\n<script type=\"application\/ld+json\" class=\"yoast-schema-graph\">{\"@context\":\"https:\\\/\\\/schema.org\",\"@graph\":[{\"@type\":\"WebPage\",\"@id\":\"https:\\\/\\\/hooldest.ee\\\/katuste-remont\\\/\",\"url\":\"https:\\\/\\\/hooldest.ee\\\/katuste-remont\\\/\",\"name\":\"Katuste remont - Hooldest\",\"isPartOf\":{\"@id\":\"https:\\\/\\\/hooldest.ee\\\/#website\"},\"primaryImageOfPage\":{\"@id\":\"https:\\\/\\\/hooldest.ee\\\/katuste-remont\\\/#primaryimage\"},\"image\":{\"@id\":\"https:\\\/\\\/hooldest.ee\\\/katuste-remont\\\/#primaryimage\"},\"thumbnailUrl\":\"https:\\\/\\\/hooldest.ee\\\/wp-content\\\/uploads\\\/2025\\\/08\\\/istockphoto-1172013285-612x612-1.jpg\",\"datePublished\":\"2025-08-06T07:46:53+00:00\",\"dateModified\":\"2025-09-24T11:08:31+00:00\",\"breadcrumb\":{\"@id\":\"https:\\\/\\\/hooldest.ee\\\/katuste-remont\\\/#breadcrumb\"},\"inLanguage\":\"ru-RU\",\"potentialAction\":[{\"@type\":\"ReadAction\",\"target\":[\"https:\\\/\\\/hooldest.ee\\\/katuste-remont\\\/\"]}]},{\"@type\":\"ImageObject\",\"inLanguage\":\"ru-RU\",\"@id\":\"https:\\\/\\\/hooldest.ee\\\/katuste-remont\\\/#primaryimage\",\"url\":\"https:\\\/\\\/hooldest.ee\\\/wp-content\\\/uploads\\\/2025\\\/08\\\/istockphoto-1172013285-612x612-1.jpg\",\"contentUrl\":\"https:\\\/\\\/hooldest.ee\\\/wp-content\\\/uploads\\\/2025\\\/08\\\/istockphoto-1172013285-612x612-1.jpg\"},{\"@type\":\"BreadcrumbList\",\"@id\":\"https:\\\/\\\/hooldest.ee\\\/katuste-remont\\\/#breadcrumb\",\"itemListElement\":[{\"@type\":\"ListItem\",\"position\":1,\"name\":\"Avaleht\",\"item\":\"https:\\\/\\\/hooldest.ee\\\/\"},{\"@type\":\"ListItem\",\"position\":2,\"name\":\"Katuste remont\"}]},{\"@type\":\"WebSite\",\"@id\":\"https:\\\/\\\/hooldest.ee\\\/#website\",\"url\":\"https:\\\/\\\/hooldest.ee\\\/\",\"name\":\"Hooldest\",\"description\":\"Renoveerimine ja remont\",\"publisher\":{\"@id\":\"https:\\\/\\\/hooldest.ee\\\/#organization\"},\"potentialAction\":[{\"@type\":\"SearchAction\",\"target\":{\"@type\":\"EntryPoint\",\"urlTemplate\":\"https:\\\/\\\/hooldest.ee\\\/?s={search_term_string}\"},\"query-input\":{\"@type\":\"PropertyValueSpecification\",\"valueRequired\":true,\"valueName\":\"search_term_string\"}}],\"inLanguage\":\"ru-RU\"},{\"@type\":\"Organization\",\"@id\":\"https:\\\/\\\/hooldest.ee\\\/#organization\",\"name\":\"Hooldest\",\"alternateName\":\"hooldest\",\"url\":\"https:\\\/\\\/hooldest.ee\\\/\",\"logo\":{\"@type\":\"ImageObject\",\"inLanguage\":\"ru-RU\",\"@id\":\"https:\\\/\\\/hooldest.ee\\\/#\\\/schema\\\/logo\\\/image\\\/\",\"url\":\"https:\\\/\\\/hooldest.ee\\\/wp-content\\\/uploads\\\/2025\\\/08\\\/9451473b-934a-4336-9145-ba773471b830.png\",\"contentUrl\":\"https:\\\/\\\/hooldest.ee\\\/wp-content\\\/uploads\\\/2025\\\/08\\\/9451473b-934a-4336-9145-ba773471b830.png\",\"width\":495,\"height\":500,\"caption\":\"Hooldest\"},\"image\":{\"@id\":\"https:\\\/\\\/hooldest.ee\\\/#\\\/schema\\\/logo\\\/image\\\/\"},\"sameAs\":[\"https:\\\/\\\/www.facebook.com\\\/profile.php?id=61573741876858#\"]}]}<\/script>\n<!-- \/ Yoast SEO plugin. -->","yoast_head_json":{"title":"Katuste remont - Hooldest","robots":{"index":"index","follow":"follow","max-snippet":"max-snippet:-1","max-image-preview":"max-image-preview:large","max-video-preview":"max-video-preview:-1"},"canonical":"https:\/\/hooldest.ee\/ru\/katuste-remont\/","og_locale":"ru_RU","og_type":"article","og_title":"Katuste remont - Hooldest","og_description":"Katuste remont Professionaalne pehme katuse remont kvaliteedigarantiiga.\u00a0K\u00f5rvaldame lekked, vahetame kahjustatud kohad, taastame tiheduse ja pikendame katusekatte kasutusiga. T\u00f6\u00f6tame kiiresti, hoolikalt ja usaldusv\u00e4\u00e4rseid materjale kasutades.\u00a0 K\u00f5rgete hoonete katuste puhastamine koos j\u00e4rgneva probleemsete kohtade defektide k\u00f5rvaldamisega. V\u00f5ta \u00fchendust","og_url":"https:\/\/hooldest.ee\/ru\/katuste-remont\/","og_site_name":"Hooldest","article_publisher":"https:\/\/www.facebook.com\/profile.php?id=61573741876858#","article_modified_time":"2025-09-24T11:08:31+00:00","og_image":[{"width":612,"height":408,"url":"https:\/\/hooldest.ee\/wp-content\/uploads\/2025\/08\/istockphoto-1172013285-612x612-1.jpg","type":"image\/jpeg"}],"twitter_card":"summary_large_image","twitter_misc":{"\u041f\u0440\u0438\u043c\u0435\u0440\u043d\u043e\u0435 \u0432\u0440\u0435\u043c\u044f \u0434\u043b\u044f \u0447\u0442\u0435\u043d\u0438\u044f":"1 \u043c\u0438\u043d\u0443\u0442\u0430"},"schema":{"@context":"https:\/\/schema.org","@graph":[{"@type":"WebPage","@id":"https:\/\/hooldest.ee\/katuste-remont\/","url":"https:\/\/hooldest.ee\/katuste-remont\/","name":"Katuste remont - Hooldest","isPartOf":{"@id":"https:\/\/hooldest.ee\/#website"},"primaryImageOfPage":{"@id":"https:\/\/hooldest.ee\/katuste-remont\/#primaryimage"},"image":{"@id":"https:\/\/hooldest.ee\/katuste-remont\/#primaryimage"},"thumbnailUrl":"https:\/\/hooldest.ee\/wp-content\/uploads\/2025\/08\/istockphoto-1172013285-612x612-1.jpg","datePublished":"2025-08-06T07:46:53+00:00","dateModified":"2025-09-24T11:08:31+00:00","breadcrumb":{"@id":"https:\/\/hooldest.ee\/katuste-remont\/#breadcrumb"},"inLanguage":"ru-RU","potentialAction":[{"@type":"ReadAction","target":["https:\/\/hooldest.ee\/katuste-remont\/"]}]},{"@type":"ImageObject","inLanguage":"ru-RU","@id":"https:\/\/hooldest.ee\/katuste-remont\/#primaryimage","url":"https:\/\/hooldest.ee\/wp-content\/uploads\/2025\/08\/istockphoto-1172013285-612x612-1.jpg","contentUrl":"https:\/\/hooldest.ee\/wp-content\/uploads\/2025\/08\/istockphoto-1172013285-612x612-1.jpg"},{"@type":"BreadcrumbList","@id":"https:\/\/hooldest.ee\/katuste-remont\/#breadcrumb","itemListElement":[{"@type":"ListItem","position":1,"name":"Avaleht","item":"https:\/\/hooldest.ee\/"},{"@type":"ListItem","position":2,"name":"Katuste remont"}]},{"@type":"WebSite","@id":"https:\/\/hooldest.ee\/#website","url":"https:\/\/hooldest.ee\/","name":"Hooldest","description":"\u0420\u0435\u043d\u043e\u0432\u0430\u0446\u0438\u044f \u0438 \u0440\u0435\u043c\u043e\u043d\u0442","publisher":{"@id":"https:\/\/hooldest.ee\/#organization"},"potentialAction":[{"@type":"SearchAction","target":{"@type":"EntryPoint","urlTemplate":"https:\/\/hooldest.ee\/?s={search_term_string}"},"query-input":{"@type":"PropertyValueSpecification","valueRequired":true,"valueName":"search_term_string"}}],"inLanguage":"ru-RU"},{"@type":"Organization","@id":"https:\/\/hooldest.ee\/#organization","name":"Hooldest","alternateName":"hooldest","url":"https:\/\/hooldest.ee\/","logo":{"@type":"ImageObject","inLanguage":"ru-RU","@id":"https:\/\/hooldest.ee\/#\/schema\/logo\/image\/","url":"https:\/\/hooldest.ee\/wp-content\/uploads\/2025\/08\/9451473b-934a-4336-9145-ba773471b830.png","contentUrl":"https:\/\/hooldest.ee\/wp-content\/uploads\/2025\/08\/9451473b-934a-4336-9145-ba773471b830.png","width":495,"height":500,"caption":"Hooldest"},"image":{"@id":"https:\/\/hooldest.ee\/#\/schema\/logo\/image\/"},"sameAs":["https:\/\/www.facebook.com\/profile.php?id=61573741876858#"]}]}},"_links":{"self":[{"href":"https:\/\/hooldest.ee\/ru\/wp-json\/wp\/v2\/pages\/18","targetHints":{"allow":["GET"]}}],"collection":[{"href":"https:\/\/hooldest.ee\/ru\/wp-json\/wp\/v2\/pages"}],"about":[{"href":"https:\/\/hooldest.ee\/ru\/wp-json\/wp\/v2\/types\/page"}],"author":[{"embeddable":true,"href":"https:\/\/hooldest.ee\/ru\/wp-json\/wp\/v2\/users\/1"}],"replies":[{"embeddable":true,"href":"https:\/\/hooldest.ee\/ru\/wp-json\/wp\/v2\/comments?post=18"}],"version-history":[{"count":62,"href":"https:\/\/hooldest.ee\/ru\/wp-json\/wp\/v2\/pages\/18\/revisions"}],"predecessor-version":[{"id":677,"href":"https:\/\/hooldest.ee\/ru\/wp-json\/wp\/v2\/pages\/18\/revisions\/677"}],"wp:attachment":[{"href":"https:\/\/hooldest.ee\/ru\/wp-json\/wp\/v2\/media?parent=18"}],"curies":[{"name":"wp","href":"https:\/\/api.w.org\/{rel}","templated":true}]}}