{"id":20,"date":"2025-08-06T07:46:53","date_gmt":"2025-08-06T07:46:53","guid":{"rendered":"https:\/\/hooldest.ee\/%d0%b1%d0%b5%d1%82%d0%be%d0%bd%d0%bd%d1%8b%d0%b5-%d1%80%d0%b0%d0%b1%d0%be%d1%82%d1%8b\/"},"modified":"2025-08-14T06:34:12","modified_gmt":"2025-08-14T06:34:12","slug":"sokkel","status":"publish","type":"page","link":"https:\/\/hooldest.ee\/ru\/sokkel\/","title":{"rendered":"\u0426\u043e\u043a\u043e\u043b\u044c"},"content":{"rendered":"<div data-elementor-type=\"wp-page\" data-elementor-id=\"20\" class=\"elementor elementor-20\">\n\t\t\t\t<div class=\"elementor-element elementor-element-88086d6 e-flex e-con-boxed e-con e-parent\" data-id=\"88086d6\" data-element_type=\"container\" data-e-type=\"container\">\n\t\t\t\t\t<div class=\"e-con-inner\">\n\t\t\t\t<div class=\"elementor-element elementor-element-0ad8e47 elementor-widget elementor-widget-spacer\" data-id=\"0ad8e47\" data-element_type=\"widget\" data-e-type=\"widget\" data-widget_type=\"spacer.default\">\n\t\t\t\t\t\t\t<div class=\"elementor-spacer\">\n\t\t\t<div class=\"elementor-spacer-inner\"><\/div>\n\t\t<\/div>\n\t\t\t\t\t\t<\/div>\n\t\t\t\t\t<\/div>\n\t\t\t\t<\/div>\n\t\t<div class=\"elementor-element elementor-element-92ff198 e-flex e-con-boxed e-con e-parent\" data-id=\"92ff198\" data-element_type=\"container\" data-e-type=\"container\">\n\t\t\t\t\t<div class=\"e-con-inner\">\n\t\t<div class=\"elementor-element elementor-element-9e9c458 e-con-full e-flex e-con e-child\" data-id=\"9e9c458\" data-element_type=\"container\" data-e-type=\"container\">\n\t\t\t\t<div class=\"elementor-element elementor-element-475379f elementor-widget elementor-widget-heading\" data-id=\"475379f\" data-element_type=\"widget\" data-e-type=\"widget\" data-widget_type=\"heading.default\">\n\t\t\t\t\t<h2 class=\"elementor-heading-title elementor-size-default\">\u0426\u043e\u043a\u043e\u043b\u044c<\/h2>\t\t\t\t<\/div>\n\t\t\t\t<div class=\"elementor-element elementor-element-4fe6315 elementor-widget elementor-widget-text-editor\" data-id=\"4fe6315\" data-element_type=\"widget\" data-e-type=\"widget\" data-widget_type=\"text-editor.default\">\n\t\t\t\t\t\t\t\t\t<p>\u041f\u0440\u043e\u0444\u0435\u0441\u0441\u0438\u043e\u043d\u0430\u043b\u044c\u043d\u044b\u0439 \u0440\u0435\u043c\u043e\u043d\u0442 \u0438 \u043e\u0442\u0434\u0435\u043b\u043a\u0430 \u0446\u043e\u043a\u043e\u043b\u044f \u0437\u0434\u0430\u043d\u0438\u0439. \u0412\u044b\u043f\u043e\u043b\u043d\u044f\u0435\u043c \u0432\u043e\u0441\u0441\u0442\u0430\u043d\u043e\u0432\u043b\u0435\u043d\u0438\u0435 \u043f\u043e\u0432\u0440\u0435\u0436\u0434\u0451\u043d\u043d\u043e\u0433\u043e \u0441\u043b\u043e\u044f, \u0443\u0441\u0442\u0440\u0430\u043d\u044f\u0435\u043c \u0442\u0440\u0435\u0449\u0438\u043d\u044b \u0438 \u043e\u0442\u0441\u043b\u043e\u0435\u043d\u0438\u044f, \u043d\u0430\u043d\u043e\u0441\u0438\u043c \u0433\u0438\u0434\u0440\u043e\u0438\u0437\u043e\u043b\u044f\u0446\u0438\u044e \u0438 \u0443\u0442\u0435\u043f\u043b\u0435\u043d\u0438\u0435 \u043f\u0440\u0438 \u043d\u0435\u043e\u0431\u0445\u043e\u0434\u0438\u043c\u043e\u0441\u0442\u0438.\u00a0<\/p><p>\u041f\u0440\u0435\u0434\u043b\u0430\u0433\u0430\u0435\u043c \u0434\u0435\u043a\u043e\u0440\u0430\u0442\u0438\u0432\u043d\u0443\u044e \u043e\u0442\u0434\u0435\u043b\u043a\u0443: \u043f\u043b\u0438\u0442\u043a\u0430, \u043a\u0430\u043c\u0435\u043d\u044c, \u0448\u0442\u0443\u043a\u0430\u0442\u0443\u0440\u043a\u0430 \u0438 \u0434\u0440\u0443\u0433\u0438\u0435 \u043c\u0430\u0442\u0435\u0440\u0438\u0430\u043b\u044b.\n\u0420\u0430\u0431\u043e\u0442\u044b \u043f\u043e\u0432\u044b\u0448\u0430\u044e\u0442 \u043d\u0435 \u0442\u043e\u043b\u044c\u043a\u043e \u0432\u043d\u0435\u0448\u043d\u0438\u0439 \u0432\u0438\u0434, \u043d\u043e \u0438 \u0437\u0430\u0449\u0438\u0449\u0430\u044e\u0442 \u043a\u043e\u043d\u0441\u0442\u0440\u0443\u043a\u0446\u0438\u044e \u043e\u0442 \u0432\u043b\u0430\u0433\u0438, \u043f\u0440\u043e\u043c\u0435\u0440\u0437\u0430\u043d\u0438\u044f \u0438 \u0440\u0430\u0437\u0440\u0443\u0448\u0435\u043d\u0438\u044f. \u0413\u0430\u0440\u0430\u043d\u0442\u0438\u0440\u0443\u0435\u043c \u043a\u0430\u0447\u0435\u0441\u0442\u0432\u0435\u043d\u043d\u043e\u0435 \u0438\u0441\u043f\u043e\u043b\u043d\u0435\u043d\u0438\u0435 \u0438 \u0434\u043e\u043b\u0433\u043e\u0432\u0435\u0447\u043d\u044b\u0439 \u0440\u0435\u0437\u0443\u043b\u044c\u0442\u0430\u0442.<\/p>\t\t\t\t\t\t\t\t<\/div>\n\t\t\t\t<div class=\"elementor-element elementor-element-f880195 elementor-widget elementor-widget-button\" data-id=\"f880195\" data-element_type=\"widget\" data-e-type=\"widget\" data-widget_type=\"button.default\">\n\t\t\t\t\t\t\t\t\t\t<a class=\"elementor-button elementor-button-link elementor-size-sm\" href=\"https:\/\/hooldest.ee\/ru\/kontakt\/\">\n\t\t\t\t\t\t<span class=\"elementor-button-content-wrapper\">\n\t\t\t\t\t\t\t\t\t<span class=\"elementor-button-text\">\u0421\u0432\u044f\u0437\u0430\u0442\u044c\u0441\u044f \u0441 \u043d\u0430\u043c\u0438<\/span>\n\t\t\t\t\t<\/span>\n\t\t\t\t\t<\/a>\n\t\t\t\t\t\t\t\t<\/div>\n\t\t\t\t<\/div>\n\t\t<div class=\"elementor-element elementor-element-70ae38f e-con-full e-flex e-con e-child\" data-id=\"70ae38f\" data-element_type=\"container\" data-e-type=\"container\">\n\t\t\t\t<div class=\"elementor-element elementor-element-038b2dd elementor-widget elementor-widget-image\" data-id=\"038b2dd\" data-element_type=\"widget\" data-e-type=\"widget\" data-widget_type=\"image.default\">\n\t\t\t\t\t\t\t\t\t\t\t\t\t\t\t\t<a href=\"https:\/\/hooldest.ee\/wp-content\/uploads\/2025\/08\/sokkel-3.jpg\" data-elementor-open-lightbox=\"yes\" data-e-action-hash=\"#elementor-action%3Aaction%3Dlightbox%26settings%3DeyJpZCI6NjI2LCJ1cmwiOiJodHRwczpcL1wvaG9vbGRlc3QuZWVcL3dwLWNvbnRlbnRcL3VwbG9hZHNcLzIwMjVcLzA4XC9zb2trZWwtMy5qcGcifQ%3D%3D\">\n\t\t\t\t\t\t\t<img fetchpriority=\"high\" decoding=\"async\" width=\"640\" height=\"480\" src=\"https:\/\/hooldest.ee\/wp-content\/uploads\/2025\/08\/sokkel-3-768x576.jpg\" class=\"attachment-medium_large size-medium_large wp-image-626\" alt=\"\" srcset=\"https:\/\/hooldest.ee\/wp-content\/uploads\/2025\/08\/sokkel-3-768x576.jpg 768w, https:\/\/hooldest.ee\/wp-content\/uploads\/2025\/08\/sokkel-3-300x225.jpg 300w, https:\/\/hooldest.ee\/wp-content\/uploads\/2025\/08\/sokkel-3-1024x768.jpg 1024w, https:\/\/hooldest.ee\/wp-content\/uploads\/2025\/08\/sokkel-3-100x75.jpg 100w, https:\/\/hooldest.ee\/wp-content\/uploads\/2025\/08\/sokkel-3-16x12.jpg 16w, https:\/\/hooldest.ee\/wp-content\/uploads\/2025\/08\/sokkel-3.jpg 1300w\" sizes=\"(max-width: 640px) 100vw, 640px\" \/>\t\t\t\t\t\t\t\t<\/a>\n\t\t\t\t\t\t\t\t\t\t\t\t\t\t\t<\/div>\n\t\t\t\t<div class=\"elementor-element elementor-element-039831a elementor-widget__width-initial elementor-arrows-position-inside elementor-pagination-position-outside elementor-widget elementor-widget-image-carousel\" data-id=\"039831a\" data-element_type=\"widget\" data-e-type=\"widget\" data-settings=\"{&quot;navigation&quot;:&quot;both&quot;,&quot;autoplay&quot;:&quot;yes&quot;,&quot;pause_on_hover&quot;:&quot;yes&quot;,&quot;pause_on_interaction&quot;:&quot;yes&quot;,&quot;autoplay_speed&quot;:5000,&quot;infinite&quot;:&quot;yes&quot;,&quot;speed&quot;:500}\" data-widget_type=\"image-carousel.default\">\n\t\t\t\t\t\t\t<div class=\"elementor-image-carousel-wrapper swiper\" role=\"region\" aria-roledescription=\"carousel\" aria-label=\"Image Carousel\" dir=\"ltr\">\n\t\t\t<div class=\"elementor-image-carousel swiper-wrapper\" aria-live=\"off\">\n\t\t\t\t\t\t\t\t<div class=\"swiper-slide\" role=\"group\" aria-roledescription=\"slide\" aria-label=\"1 \u0438\u0437 2\" data-no-translation-aria-label=\"\"><a data-elementor-open-lightbox=\"yes\" data-elementor-lightbox-slideshow=\"039831a\" data-e-action-hash=\"#elementor-action%3Aaction%3Dlightbox%26settings%3DeyJpZCI6MzE0LCJ1cmwiOiJodHRwczpcL1wvaG9vbGRlc3QuZWVcL3dwLWNvbnRlbnRcL3VwbG9hZHNcLzIwMjVcLzA4XC9XaGF0c0FwcC1JbWFnZS0yMDI1LTA4LTEyLWF0LTE1LjQ3LjM4LmpwZWciLCJzbGlkZXNob3ciOiIwMzk4MzFhIn0%3D\" href=\"https:\/\/hooldest.ee\/wp-content\/uploads\/2025\/08\/WhatsApp-Image-2025-08-12-at-15.47.38.jpeg\"><figure class=\"swiper-slide-inner\"><img decoding=\"async\" class=\"swiper-slide-image\" src=\"https:\/\/hooldest.ee\/wp-content\/uploads\/2025\/08\/WhatsApp-Image-2025-08-12-at-15.47.38-150x150.jpeg\" alt=\"WhatsApp Image 2025-08-12 at 15.47.38\" \/><\/figure><\/a><\/div><div class=\"swiper-slide\" role=\"group\" aria-roledescription=\"slide\" aria-label=\"2 \u0438\u0437 2\" data-no-translation-aria-label=\"\"><a data-elementor-open-lightbox=\"yes\" data-elementor-lightbox-slideshow=\"039831a\" data-e-action-hash=\"#elementor-action%3Aaction%3Dlightbox%26settings%3DeyJpZCI6MzE1LCJ1cmwiOiJodHRwczpcL1wvaG9vbGRlc3QuZWVcL3dwLWNvbnRlbnRcL3VwbG9hZHNcLzIwMjVcLzA4XC9XaGF0c0FwcC1JbWFnZS0yMDI1LTA4LTEyLWF0LTE1LjQ3LjM3LTEuanBlZyIsInNsaWRlc2hvdyI6IjAzOTgzMWEifQ%3D%3D\" href=\"https:\/\/hooldest.ee\/wp-content\/uploads\/2025\/08\/WhatsApp-Image-2025-08-12-at-15.47.37-1.jpeg\"><figure class=\"swiper-slide-inner\"><img decoding=\"async\" class=\"swiper-slide-image\" src=\"https:\/\/hooldest.ee\/wp-content\/uploads\/2025\/08\/WhatsApp-Image-2025-08-12-at-15.47.37-1-150x150.jpeg\" alt=\"WhatsApp Image 2025-08-12 at 15.47.37 (1)\" \/><\/figure><\/a><\/div>\t\t\t<\/div>\n\t\t\t\t\t\t\t\t\t\t\t\t<div class=\"elementor-swiper-button elementor-swiper-button-prev\" role=\"button\" tabindex=\"0\">\n\t\t\t\t\t\t<svg aria-hidden=\"true\" class=\"e-font-icon-svg e-eicon-chevron-left\" viewbox=\"0 0 1000 1000\" xmlns=\"http:\/\/www.w3.org\/2000\/svg\"><path d=\"M646 125C629 125 613 133 604 142L308 442C296 454 292 471 292 487 292 504 296 521 308 533L604 854C617 867 629 875 646 875 663 875 679 871 692 858 704 846 713 829 713 812 713 796 708 779 692 767L438 487 692 225C700 217 708 204 708 187 708 171 704 154 692 142 675 129 663 125 646 125Z\"><\/path><\/svg>\t\t\t\t\t<\/div>\n\t\t\t\t\t<div class=\"elementor-swiper-button elementor-swiper-button-next\" role=\"button\" tabindex=\"0\">\n\t\t\t\t\t\t<svg aria-hidden=\"true\" class=\"e-font-icon-svg e-eicon-chevron-right\" viewbox=\"0 0 1000 1000\" xmlns=\"http:\/\/www.w3.org\/2000\/svg\"><path d=\"M696 533C708 521 713 504 713 487 713 471 708 454 696 446L400 146C388 133 375 125 354 125 338 125 325 129 313 142 300 154 292 171 292 187 292 204 296 221 308 233L563 492 304 771C292 783 288 800 288 817 288 833 296 850 308 863 321 871 338 875 354 875 371 875 388 867 400 854L696 533Z\"><\/path><\/svg>\t\t\t\t\t<\/div>\n\t\t\t\t\n\t\t\t\t\t\t\t\t\t<div class=\"swiper-pagination\"><\/div>\n\t\t\t\t\t\t\t\t\t<\/div>\n\t\t\t\t\t\t<\/div>\n\t\t\t\t<\/div>\n\t\t\t\t\t<\/div>\n\t\t\t\t<\/div>\n\t\t<div class=\"elementor-element elementor-element-4cc6dc9 e-flex e-con-boxed e-con e-parent\" data-id=\"4cc6dc9\" data-element_type=\"container\" data-e-type=\"container\">\n\t\t\t\t\t<div class=\"e-con-inner\">\n\t\t\t\t<div class=\"elementor-element elementor-element-ba8efa8 elementor-widget elementor-widget-spacer\" data-id=\"ba8efa8\" data-element_type=\"widget\" data-e-type=\"widget\" data-widget_type=\"spacer.default\">\n\t\t\t\t\t\t\t<div class=\"elementor-spacer\">\n\t\t\t<div class=\"elementor-spacer-inner\"><\/div>\n\t\t<\/div>\n\t\t\t\t\t\t<\/div>\n\t\t\t\t\t<\/div>\n\t\t\t\t<\/div>\n\t\t\t\t<\/div>","protected":false},"excerpt":{"rendered":"<p>Sokkel Professionaalne keldrite remont ja viimistlus. Taastame kahjustatud kihid, k\u00f5rvaldame praod ja koorumise, vajadusel paigaldame h\u00fcdroisolatsiooni ja soojustust.\u00a0 Pakume dekoratiivset viimistlust: plaadid, kivi, krohv ja muud materjalid. T\u00f6\u00f6 mitte ainult ei paranda v\u00e4limust, vaid kaitseb ka konstruktsiooni niiskuse, k\u00fclmumise ja h\u00e4vimise eest. Garanteerime kvaliteetse t\u00f6\u00f6 ja kauakestva tulemuse. V\u00f5ta \u00fchendust<\/p>","protected":false},"author":1,"featured_media":0,"parent":0,"menu_order":0,"comment_status":"closed","ping_status":"closed","template":"","meta":{"pgc_sgb_lightbox_settings":"","footnotes":""},"class_list":["post-20","page","type-page","status-publish","hentry"],"yoast_head":"<!-- This site is optimized with the Yoast SEO plugin v27.4 - https:\/\/yoast.com\/product\/yoast-seo-wordpress\/ -->\n<title>Sokkel - Hooldest<\/title>\n<meta name=\"robots\" content=\"index, follow, max-snippet:-1, max-image-preview:large, max-video-preview:-1\" \/>\n<link rel=\"canonical\" href=\"https:\/\/hooldest.ee\/ru\/sokkel\/\" \/>\n<meta property=\"og:locale\" content=\"ru_RU\" \/>\n<meta property=\"og:type\" content=\"article\" \/>\n<meta property=\"og:title\" content=\"Sokkel - Hooldest\" \/>\n<meta property=\"og:description\" content=\"Sokkel Professionaalne keldrite remont ja viimistlus. Taastame kahjustatud kihid, k\u00f5rvaldame praod ja koorumise, vajadusel paigaldame h\u00fcdroisolatsiooni ja soojustust.\u00a0 Pakume dekoratiivset viimistlust: plaadid, kivi, krohv ja muud materjalid. T\u00f6\u00f6 mitte ainult ei paranda v\u00e4limust, vaid kaitseb ka konstruktsiooni niiskuse, k\u00fclmumise ja h\u00e4vimise eest. Garanteerime kvaliteetse t\u00f6\u00f6 ja kauakestva tulemuse. V\u00f5ta \u00fchendust\" \/>\n<meta property=\"og:url\" content=\"https:\/\/hooldest.ee\/ru\/sokkel\/\" \/>\n<meta property=\"og:site_name\" content=\"Hooldest\" \/>\n<meta property=\"article:publisher\" content=\"https:\/\/www.facebook.com\/profile.php?id=61573741876858#\" \/>\n<meta property=\"article:modified_time\" content=\"2025-08-14T06:34:12+00:00\" \/>\n<meta property=\"og:image\" content=\"https:\/\/hooldest.ee\/wp-content\/uploads\/2025\/08\/sokkel-3.jpg\" \/>\n\t<meta property=\"og:image:width\" content=\"1300\" \/>\n\t<meta property=\"og:image:height\" content=\"975\" \/>\n\t<meta property=\"og:image:type\" content=\"image\/jpeg\" \/>\n<meta name=\"twitter:card\" content=\"summary_large_image\" \/>\n<meta name=\"twitter:label1\" content=\"\u041f\u0440\u0438\u043c\u0435\u0440\u043d\u043e\u0435 \u0432\u0440\u0435\u043c\u044f \u0434\u043b\u044f \u0447\u0442\u0435\u043d\u0438\u044f\" \/>\n\t<meta name=\"twitter:data1\" content=\"3 \u043c\u0438\u043d\u0443\u0442\u044b\" \/>\n<script type=\"application\/ld+json\" class=\"yoast-schema-graph\">{\"@context\":\"https:\\\/\\\/schema.org\",\"@graph\":[{\"@type\":\"WebPage\",\"@id\":\"https:\\\/\\\/hooldest.ee\\\/sokkel\\\/\",\"url\":\"https:\\\/\\\/hooldest.ee\\\/sokkel\\\/\",\"name\":\"Sokkel - Hooldest\",\"isPartOf\":{\"@id\":\"https:\\\/\\\/hooldest.ee\\\/#website\"},\"primaryImageOfPage\":{\"@id\":\"https:\\\/\\\/hooldest.ee\\\/sokkel\\\/#primaryimage\"},\"image\":{\"@id\":\"https:\\\/\\\/hooldest.ee\\\/sokkel\\\/#primaryimage\"},\"thumbnailUrl\":\"https:\\\/\\\/hooldest.ee\\\/wp-content\\\/uploads\\\/2025\\\/08\\\/sokkel-3-768x576.jpg\",\"datePublished\":\"2025-08-06T07:46:53+00:00\",\"dateModified\":\"2025-08-14T06:34:12+00:00\",\"breadcrumb\":{\"@id\":\"https:\\\/\\\/hooldest.ee\\\/sokkel\\\/#breadcrumb\"},\"inLanguage\":\"ru-RU\",\"potentialAction\":[{\"@type\":\"ReadAction\",\"target\":[\"https:\\\/\\\/hooldest.ee\\\/sokkel\\\/\"]}]},{\"@type\":\"ImageObject\",\"inLanguage\":\"ru-RU\",\"@id\":\"https:\\\/\\\/hooldest.ee\\\/sokkel\\\/#primaryimage\",\"url\":\"https:\\\/\\\/hooldest.ee\\\/wp-content\\\/uploads\\\/2025\\\/08\\\/sokkel-3-768x576.jpg\",\"contentUrl\":\"https:\\\/\\\/hooldest.ee\\\/wp-content\\\/uploads\\\/2025\\\/08\\\/sokkel-3-768x576.jpg\"},{\"@type\":\"BreadcrumbList\",\"@id\":\"https:\\\/\\\/hooldest.ee\\\/sokkel\\\/#breadcrumb\",\"itemListElement\":[{\"@type\":\"ListItem\",\"position\":1,\"name\":\"Avaleht\",\"item\":\"https:\\\/\\\/hooldest.ee\\\/\"},{\"@type\":\"ListItem\",\"position\":2,\"name\":\"Sokkel\"}]},{\"@type\":\"WebSite\",\"@id\":\"https:\\\/\\\/hooldest.ee\\\/#website\",\"url\":\"https:\\\/\\\/hooldest.ee\\\/\",\"name\":\"Hooldest\",\"description\":\"Renoveerimine ja remont\",\"publisher\":{\"@id\":\"https:\\\/\\\/hooldest.ee\\\/#organization\"},\"potentialAction\":[{\"@type\":\"SearchAction\",\"target\":{\"@type\":\"EntryPoint\",\"urlTemplate\":\"https:\\\/\\\/hooldest.ee\\\/?s={search_term_string}\"},\"query-input\":{\"@type\":\"PropertyValueSpecification\",\"valueRequired\":true,\"valueName\":\"search_term_string\"}}],\"inLanguage\":\"ru-RU\"},{\"@type\":\"Organization\",\"@id\":\"https:\\\/\\\/hooldest.ee\\\/#organization\",\"name\":\"Hooldest\",\"alternateName\":\"hooldest\",\"url\":\"https:\\\/\\\/hooldest.ee\\\/\",\"logo\":{\"@type\":\"ImageObject\",\"inLanguage\":\"ru-RU\",\"@id\":\"https:\\\/\\\/hooldest.ee\\\/#\\\/schema\\\/logo\\\/image\\\/\",\"url\":\"https:\\\/\\\/hooldest.ee\\\/wp-content\\\/uploads\\\/2025\\\/08\\\/9451473b-934a-4336-9145-ba773471b830.png\",\"contentUrl\":\"https:\\\/\\\/hooldest.ee\\\/wp-content\\\/uploads\\\/2025\\\/08\\\/9451473b-934a-4336-9145-ba773471b830.png\",\"width\":495,\"height\":500,\"caption\":\"Hooldest\"},\"image\":{\"@id\":\"https:\\\/\\\/hooldest.ee\\\/#\\\/schema\\\/logo\\\/image\\\/\"},\"sameAs\":[\"https:\\\/\\\/www.facebook.com\\\/profile.php?id=61573741876858#\"]}]}<\/script>\n<!-- \/ Yoast SEO plugin. -->","yoast_head_json":{"title":"Sokkel - Hooldest","robots":{"index":"index","follow":"follow","max-snippet":"max-snippet:-1","max-image-preview":"max-image-preview:large","max-video-preview":"max-video-preview:-1"},"canonical":"https:\/\/hooldest.ee\/ru\/sokkel\/","og_locale":"ru_RU","og_type":"article","og_title":"Sokkel - Hooldest","og_description":"Sokkel Professionaalne keldrite remont ja viimistlus. Taastame kahjustatud kihid, k\u00f5rvaldame praod ja koorumise, vajadusel paigaldame h\u00fcdroisolatsiooni ja soojustust.\u00a0 Pakume dekoratiivset viimistlust: plaadid, kivi, krohv ja muud materjalid. T\u00f6\u00f6 mitte ainult ei paranda v\u00e4limust, vaid kaitseb ka konstruktsiooni niiskuse, k\u00fclmumise ja h\u00e4vimise eest. Garanteerime kvaliteetse t\u00f6\u00f6 ja kauakestva tulemuse. V\u00f5ta \u00fchendust","og_url":"https:\/\/hooldest.ee\/ru\/sokkel\/","og_site_name":"Hooldest","article_publisher":"https:\/\/www.facebook.com\/profile.php?id=61573741876858#","article_modified_time":"2025-08-14T06:34:12+00:00","og_image":[{"width":1300,"height":975,"url":"https:\/\/hooldest.ee\/wp-content\/uploads\/2025\/08\/sokkel-3.jpg","type":"image\/jpeg"}],"twitter_card":"summary_large_image","twitter_misc":{"\u041f\u0440\u0438\u043c\u0435\u0440\u043d\u043e\u0435 \u0432\u0440\u0435\u043c\u044f \u0434\u043b\u044f \u0447\u0442\u0435\u043d\u0438\u044f":"3 \u043c\u0438\u043d\u0443\u0442\u044b"},"schema":{"@context":"https:\/\/schema.org","@graph":[{"@type":"WebPage","@id":"https:\/\/hooldest.ee\/sokkel\/","url":"https:\/\/hooldest.ee\/sokkel\/","name":"Sokkel - Hooldest","isPartOf":{"@id":"https:\/\/hooldest.ee\/#website"},"primaryImageOfPage":{"@id":"https:\/\/hooldest.ee\/sokkel\/#primaryimage"},"image":{"@id":"https:\/\/hooldest.ee\/sokkel\/#primaryimage"},"thumbnailUrl":"https:\/\/hooldest.ee\/wp-content\/uploads\/2025\/08\/sokkel-3-768x576.jpg","datePublished":"2025-08-06T07:46:53+00:00","dateModified":"2025-08-14T06:34:12+00:00","breadcrumb":{"@id":"https:\/\/hooldest.ee\/sokkel\/#breadcrumb"},"inLanguage":"ru-RU","potentialAction":[{"@type":"ReadAction","target":["https:\/\/hooldest.ee\/sokkel\/"]}]},{"@type":"ImageObject","inLanguage":"ru-RU","@id":"https:\/\/hooldest.ee\/sokkel\/#primaryimage","url":"https:\/\/hooldest.ee\/wp-content\/uploads\/2025\/08\/sokkel-3-768x576.jpg","contentUrl":"https:\/\/hooldest.ee\/wp-content\/uploads\/2025\/08\/sokkel-3-768x576.jpg"},{"@type":"BreadcrumbList","@id":"https:\/\/hooldest.ee\/sokkel\/#breadcrumb","itemListElement":[{"@type":"ListItem","position":1,"name":"Avaleht","item":"https:\/\/hooldest.ee\/"},{"@type":"ListItem","position":2,"name":"Sokkel"}]},{"@type":"WebSite","@id":"https:\/\/hooldest.ee\/#website","url":"https:\/\/hooldest.ee\/","name":"Hooldest","description":"\u0420\u0435\u043d\u043e\u0432\u0430\u0446\u0438\u044f \u0438 \u0440\u0435\u043c\u043e\u043d\u0442","publisher":{"@id":"https:\/\/hooldest.ee\/#organization"},"potentialAction":[{"@type":"SearchAction","target":{"@type":"EntryPoint","urlTemplate":"https:\/\/hooldest.ee\/?s={search_term_string}"},"query-input":{"@type":"PropertyValueSpecification","valueRequired":true,"valueName":"search_term_string"}}],"inLanguage":"ru-RU"},{"@type":"Organization","@id":"https:\/\/hooldest.ee\/#organization","name":"Hooldest","alternateName":"hooldest","url":"https:\/\/hooldest.ee\/","logo":{"@type":"ImageObject","inLanguage":"ru-RU","@id":"https:\/\/hooldest.ee\/#\/schema\/logo\/image\/","url":"https:\/\/hooldest.ee\/wp-content\/uploads\/2025\/08\/9451473b-934a-4336-9145-ba773471b830.png","contentUrl":"https:\/\/hooldest.ee\/wp-content\/uploads\/2025\/08\/9451473b-934a-4336-9145-ba773471b830.png","width":495,"height":500,"caption":"Hooldest"},"image":{"@id":"https:\/\/hooldest.ee\/#\/schema\/logo\/image\/"},"sameAs":["https:\/\/www.facebook.com\/profile.php?id=61573741876858#"]}]}},"_links":{"self":[{"href":"https:\/\/hooldest.ee\/ru\/wp-json\/wp\/v2\/pages\/20","targetHints":{"allow":["GET"]}}],"collection":[{"href":"https:\/\/hooldest.ee\/ru\/wp-json\/wp\/v2\/pages"}],"about":[{"href":"https:\/\/hooldest.ee\/ru\/wp-json\/wp\/v2\/types\/page"}],"author":[{"embeddable":true,"href":"https:\/\/hooldest.ee\/ru\/wp-json\/wp\/v2\/users\/1"}],"replies":[{"embeddable":true,"href":"https:\/\/hooldest.ee\/ru\/wp-json\/wp\/v2\/comments?post=20"}],"version-history":[{"count":42,"href":"https:\/\/hooldest.ee\/ru\/wp-json\/wp\/v2\/pages\/20\/revisions"}],"predecessor-version":[{"id":635,"href":"https:\/\/hooldest.ee\/ru\/wp-json\/wp\/v2\/pages\/20\/revisions\/635"}],"wp:attachment":[{"href":"https:\/\/hooldest.ee\/ru\/wp-json\/wp\/v2\/media?parent=20"}],"curies":[{"name":"wp","href":"https:\/\/api.w.org\/{rel}","templated":true}]}}