{"id":233,"date":"2025-08-11T06:56:59","date_gmt":"2025-08-11T06:56:59","guid":{"rendered":"https:\/\/hooldest.ee\/?page_id=233"},"modified":"2025-10-29T09:07:14","modified_gmt":"2025-10-29T09:07:14","slug":"galerii","status":"publish","type":"page","link":"https:\/\/hooldest.ee\/ru\/galerii\/","title":{"rendered":"\u0413\u0430\u043b\u0435\u0440\u0435\u044f"},"content":{"rendered":"<h2 class=\"wp-block-heading\">\u0413\u0430\u043b\u0435\u0440\u0435\u044f<\/h2>\n\n\n\n<div style=\"height:61px\" aria-hidden=\"true\" class=\"wp-block-spacer\"><\/div>\n\n\n<style>.kb-posts-id-233_63699e-9d .kb-post-list-item{display:grid;}<\/style><ul class=\"wp-block-kadence-posts kb-posts kadence-posts-list kb-posts-id-233_63699e-9d content-wrap grid-cols kb-posts-style-boxed grid-sm-col-2 grid-lg-col-3 item-image-style-above\"><li class=\"kb-post-list-item\">\n\t<article class=\"entry content-bg loop-entry post-700 post type-post status-publish format-standard has-post-thumbnail hentry category-ehitustood\">\n\t\t\t\t<a aria-hidden=\"true\" tabindex=\"-1\" role=\"presentation\" class=\"post-thumbnail kadence-thumbnail-ratio-2-3\" href=\"https:\/\/hooldest.ee\/ru\/galerii\/armonti-pood-narva-mnt-4\/\" aria-label=\"Armonti, Narva mnt 4\">\n\t\t\t<div class=\"post-thumbnail-inner\">\n\t\t\t\t<img fetchpriority=\"high\" decoding=\"async\" width=\"640\" height=\"360\" src=\"https:\/\/hooldest.ee\/wp-content\/uploads\/2025\/10\/WhatsApp-Image-2025-10-28-at-13.48.55-1-768x432.jpeg\" class=\"attachment-medium_large size-medium_large wp-post-image\" alt=\"Armonti pood, Narva mnt 4\" srcset=\"https:\/\/hooldest.ee\/wp-content\/uploads\/2025\/10\/WhatsApp-Image-2025-10-28-at-13.48.55-1-768x432.jpeg 768w, https:\/\/hooldest.ee\/wp-content\/uploads\/2025\/10\/WhatsApp-Image-2025-10-28-at-13.48.55-1-300x169.jpeg 300w, https:\/\/hooldest.ee\/wp-content\/uploads\/2025\/10\/WhatsApp-Image-2025-10-28-at-13.48.55-1-1024x576.jpeg 1024w, https:\/\/hooldest.ee\/wp-content\/uploads\/2025\/10\/WhatsApp-Image-2025-10-28-at-13.48.55-1-100x56.jpeg 100w, https:\/\/hooldest.ee\/wp-content\/uploads\/2025\/10\/WhatsApp-Image-2025-10-28-at-13.48.55-1-1536x864.jpeg 1536w, https:\/\/hooldest.ee\/wp-content\/uploads\/2025\/10\/WhatsApp-Image-2025-10-28-at-13.48.55-1-18x10.jpeg 18w, https:\/\/hooldest.ee\/wp-content\/uploads\/2025\/10\/WhatsApp-Image-2025-10-28-at-13.48.55-1.jpeg 2016w\" sizes=\"(max-width: 640px) 100vw, 640px\" \/>\t\t\t<\/div>\n\t\t<\/a><!-- .post-thumbnail -->\n\t\t\t\t<div class=\"entry-content-wrap\">\n\t\t\t<header class=\"entry-header\">\n\t<h2 class=\"entry-title\"><a href=\"https:\/\/hooldest.ee\/ru\/galerii\/armonti-pood-narva-mnt-4\/\" rel=\"bookmark\">Armonti, Narva mnt 4<\/a><\/h2>\t<div class=\"entry-meta entry-meta-divider-dot\">\n\t\t\t\t<span class=\"posted-on\">\n\t\t\t\t<time class=\"entry-date published\" datetime=\"2025-10-29T08:08:53+00:00\">29 \u043e\u043a\u0442\u044f\u0431\u0440\u044f, 2025<\/time><time class=\"updated\" datetime=\"2025-10-29T08:33:17+00:00\">29 \u043e\u043a\u0442\u044f\u0431\u0440\u044f, 2025<\/time>\t\t\t<\/span>\n\t\t\t\t<\/div><!-- .entry-meta -->\n\t<\/header><!-- .entry-header -->\n\t<div class=\"entry-summary\">\n\t\t<p>\ud83c\udfd7\ufe0f Uue poe ehitus Narva mnt 4 on l\u00f5ppenud! L\u00f5petasime ARMONTI poe ehitust\u00f6\u00f6d aadressil Narva mnt 4! T\u00f6\u00f6de k\u00e4igus paigaldasime seinapaneele, v\u00e4rvisime pindu, teostasime elektri- ning viimistlust\u00f6\u00f6d ja valmistasime poodi ette avamiseks. Peagi avatakse siin t\u00e4iesti uus ja kaasaegne kauplus \u2013 olete k\u00f5ik oodatud suurele avamisele! T\u00e4name oma meeskonda ja partnereid professionaalse t\u00f6\u00f6 eest ning<\/p>\n<div class=\"more-link\">\n\t\t\t\t <a href=\"https:\/\/hooldest.ee\/ru\/galerii\/armonti-pood-narva-mnt-4\/\" class=\"link-btn theme-btn\"><span>Read More <\/span> <i class=\"fa fa-caret-right\"><\/i><\/a>\n\t\t\t<\/div>\n\t<\/div><!-- .entry-summary -->\n\t<footer class=\"entry-footer\">\n\t\t\t<div class=\"entry-actions\">\n\t\t\t<p class=\"more-link-wrap\">\n\t\t\t\t<a href=\"https:\/\/hooldest.ee\/ru\/galerii\/armonti-pood-narva-mnt-4\/\" class=\"post-more-link\">\n\t\t\t\t\t\u0427\u0438\u0442\u0430\u0442\u044c \u0434\u0430\u043b\u0435\u0435<span class=\"screen-reader-text\"> Armonti, Narva mnt 4<\/span><span class=\"kadence-svg-iconset svg-baseline\"><svg aria-hidden=\"true\" class=\"kadence-svg-icon kadence-arrow-right-alt-svg\" fill=\"currentColor\" version=\"1.1\" xmlns=\"http:\/\/www.w3.org\/2000\/svg\" width=\"27\" height=\"28\" viewbox=\"0 0 27 28\"><title>\u041f\u0440\u043e\u0434\u043e\u043b\u0436\u0438\u0442\u044c<\/title><path d=\"M27 13.953c0 0.141-0.063 0.281-0.156 0.375l-6 5.531c-0.156 0.141-0.359 0.172-0.547 0.094-0.172-0.078-0.297-0.25-0.297-0.453v-3.5h-19.5c-0.281 0-0.5-0.219-0.5-0.5v-3c0-0.281 0.219-0.5 0.5-0.5h19.5v-3.5c0-0.203 0.109-0.375 0.297-0.453s0.391-0.047 0.547 0.078l6 5.469c0.094 0.094 0.156 0.219 0.156 0.359v0z\"><\/path>\n\t\t\t<\/svg><\/span>\t\t\t\t<\/a>\n\t\t\t<\/p>\n\t\t<\/div><!-- .entry-actions -->\n\t\t<\/footer><!-- .entry-footer -->\t\t<\/div>\n\t<\/article>\n<\/li>\n<li class=\"kb-post-list-item\">\n\t<article class=\"entry content-bg loop-entry post-638 post type-post status-publish format-standard has-post-thumbnail hentry category-asfaldiaukude-remont\">\n\t\t\t\t<a aria-hidden=\"true\" tabindex=\"-1\" role=\"presentation\" class=\"post-thumbnail kadence-thumbnail-ratio-2-3\" href=\"https:\/\/hooldest.ee\/ru\/galerii\/asfaldiaukude-remont\/\" aria-label=\"Asfaldiaukude remont Liikuri 36 ja Liikuri 50\">\n\t\t\t<div class=\"post-thumbnail-inner\">\n\t\t\t\t<img decoding=\"async\" width=\"640\" height=\"1138\" src=\"https:\/\/hooldest.ee\/wp-content\/uploads\/2025\/08\/WhatsApp-Image-2025-08-22-at-18.50.46-768x1365.jpeg\" class=\"attachment-medium_large size-medium_large wp-post-image\" alt=\"Asfaldiaukude remont Liikuri 36 ja Liikuri 50\" srcset=\"https:\/\/hooldest.ee\/wp-content\/uploads\/2025\/08\/WhatsApp-Image-2025-08-22-at-18.50.46-768x1365.jpeg 768w, https:\/\/hooldest.ee\/wp-content\/uploads\/2025\/08\/WhatsApp-Image-2025-08-22-at-18.50.46-169x300.jpeg 169w, https:\/\/hooldest.ee\/wp-content\/uploads\/2025\/08\/WhatsApp-Image-2025-08-22-at-18.50.46-576x1024.jpeg 576w, https:\/\/hooldest.ee\/wp-content\/uploads\/2025\/08\/WhatsApp-Image-2025-08-22-at-18.50.46-100x178.jpeg 100w, https:\/\/hooldest.ee\/wp-content\/uploads\/2025\/08\/WhatsApp-Image-2025-08-22-at-18.50.46-864x1536.jpeg 864w, https:\/\/hooldest.ee\/wp-content\/uploads\/2025\/08\/WhatsApp-Image-2025-08-22-at-18.50.46-7x12.jpeg 7w, https:\/\/hooldest.ee\/wp-content\/uploads\/2025\/08\/WhatsApp-Image-2025-08-22-at-18.50.46.jpeg 900w\" sizes=\"(max-width: 640px) 100vw, 640px\" \/>\t\t\t<\/div>\n\t\t<\/a><!-- .post-thumbnail -->\n\t\t\t\t<div class=\"entry-content-wrap\">\n\t\t\t<header class=\"entry-header\">\n\t<h2 class=\"entry-title\"><a href=\"https:\/\/hooldest.ee\/ru\/galerii\/asfaldiaukude-remont\/\" rel=\"bookmark\">Asfaldiaukude remont Liikuri 36 ja Liikuri 50<\/a><\/h2>\t<div class=\"entry-meta entry-meta-divider-dot\">\n\t\t\t\t<span class=\"posted-on\">\n\t\t\t\t<time class=\"entry-date published\" datetime=\"2025-08-25T06:29:12+00:00\">25 \u0430\u0432\u0433\u0443\u0441\u0442\u0430, 2025<\/time><time class=\"updated\" datetime=\"2025-09-24T11:18:12+00:00\">24 \u0441\u0435\u043d\u0442\u044f\u0431\u0440\u044f, 2025<\/time>\t\t\t<\/span>\n\t\t\t\t<\/div><!-- .entry-meta -->\n\t<\/header><!-- .entry-header -->\n\t<div class=\"entry-summary\">\n\t\t\t<\/div><!-- .entry-summary -->\n\t<footer class=\"entry-footer\">\n\t\t\t<div class=\"entry-actions\">\n\t\t\t<p class=\"more-link-wrap\">\n\t\t\t\t<a href=\"https:\/\/hooldest.ee\/ru\/galerii\/asfaldiaukude-remont\/\" class=\"post-more-link\">\n\t\t\t\t\t\u0427\u0438\u0442\u0430\u0442\u044c \u0434\u0430\u043b\u0435\u0435<span class=\"screen-reader-text\"> Asfaldiaukude remont Liikuri 36 ja Liikuri 50<\/span><span class=\"kadence-svg-iconset svg-baseline\"><svg aria-hidden=\"true\" class=\"kadence-svg-icon kadence-arrow-right-alt-svg\" fill=\"currentColor\" version=\"1.1\" xmlns=\"http:\/\/www.w3.org\/2000\/svg\" width=\"27\" height=\"28\" viewbox=\"0 0 27 28\"><title>\u041f\u0440\u043e\u0434\u043e\u043b\u0436\u0438\u0442\u044c<\/title><path d=\"M27 13.953c0 0.141-0.063 0.281-0.156 0.375l-6 5.531c-0.156 0.141-0.359 0.172-0.547 0.094-0.172-0.078-0.297-0.25-0.297-0.453v-3.5h-19.5c-0.281 0-0.5-0.219-0.5-0.5v-3c0-0.281 0.219-0.5 0.5-0.5h19.5v-3.5c0-0.203 0.109-0.375 0.297-0.453s0.391-0.047 0.547 0.078l6 5.469c0.094 0.094 0.156 0.219 0.156 0.359v0z\"><\/path>\n\t\t\t<\/svg><\/span>\t\t\t\t<\/a>\n\t\t\t<\/p>\n\t\t<\/div><!-- .entry-actions -->\n\t\t<\/footer><!-- .entry-footer -->\t\t<\/div>\n\t<\/article>\n<\/li>\n<li class=\"kb-post-list-item\">\n\t<article class=\"entry content-bg loop-entry post-321 post type-post status-publish format-standard has-post-thumbnail hentry category-tanavakivide-paigaldus\">\n\t\t\t\t<a aria-hidden=\"true\" tabindex=\"-1\" role=\"presentation\" class=\"post-thumbnail kadence-thumbnail-ratio-2-3\" href=\"https:\/\/hooldest.ee\/ru\/galerii\/sillutuskivid\/\" aria-label=\"\u0422\u0440\u043e\u0442\u0443\u0430\u0440\u043d\u044b\u0439 \u043a\u0430\u043c\u0435\u043d\u044c\">\n\t\t\t<div class=\"post-thumbnail-inner\">\n\t\t\t\t<img decoding=\"async\" width=\"640\" height=\"360\" src=\"https:\/\/hooldest.ee\/wp-content\/uploads\/2025\/08\/WhatsApp-Image-2025-08-12-at-15.47.38-5-768x432.jpeg\" class=\"attachment-medium_large size-medium_large wp-post-image\" alt=\"T\u00e4navakivid\" srcset=\"https:\/\/hooldest.ee\/wp-content\/uploads\/2025\/08\/WhatsApp-Image-2025-08-12-at-15.47.38-5-768x432.jpeg 768w, https:\/\/hooldest.ee\/wp-content\/uploads\/2025\/08\/WhatsApp-Image-2025-08-12-at-15.47.38-5-300x169.jpeg 300w, https:\/\/hooldest.ee\/wp-content\/uploads\/2025\/08\/WhatsApp-Image-2025-08-12-at-15.47.38-5-1024x576.jpeg 1024w, https:\/\/hooldest.ee\/wp-content\/uploads\/2025\/08\/WhatsApp-Image-2025-08-12-at-15.47.38-5-100x56.jpeg 100w, https:\/\/hooldest.ee\/wp-content\/uploads\/2025\/08\/WhatsApp-Image-2025-08-12-at-15.47.38-5-1536x864.jpeg 1536w, https:\/\/hooldest.ee\/wp-content\/uploads\/2025\/08\/WhatsApp-Image-2025-08-12-at-15.47.38-5-18x10.jpeg 18w, https:\/\/hooldest.ee\/wp-content\/uploads\/2025\/08\/WhatsApp-Image-2025-08-12-at-15.47.38-5.jpeg 1600w\" sizes=\"(max-width: 640px) 100vw, 640px\" \/>\t\t\t<\/div>\n\t\t<\/a><!-- .post-thumbnail -->\n\t\t\t\t<div class=\"entry-content-wrap\">\n\t\t\t<header class=\"entry-header\">\n\t<h2 class=\"entry-title\"><a href=\"https:\/\/hooldest.ee\/ru\/galerii\/sillutuskivid\/\" rel=\"bookmark\">\u0422\u0440\u043e\u0442\u0443\u0430\u0440\u043d\u044b\u0439 \u043a\u0430\u043c\u0435\u043d\u044c<\/a><\/h2>\t<div class=\"entry-meta entry-meta-divider-dot\">\n\t\t\t\t<span class=\"posted-on\">\n\t\t\t\t<time class=\"entry-date published\" datetime=\"2025-08-13T07:05:59+00:00\">13 \u0430\u0432\u0433\u0443\u0441\u0442\u0430, 2025<\/time><time class=\"updated\" datetime=\"2025-10-29T09:08:20+00:00\">29 \u043e\u043a\u0442\u044f\u0431\u0440\u044f, 2025<\/time>\t\t\t<\/span>\n\t\t\t\t<\/div><!-- .entry-meta -->\n\t<\/header><!-- .entry-header -->\n\t<div class=\"entry-summary\">\n\t\t\t<\/div><!-- .entry-summary -->\n\t<footer class=\"entry-footer\">\n\t\t\t<div class=\"entry-actions\">\n\t\t\t<p class=\"more-link-wrap\">\n\t\t\t\t<a href=\"https:\/\/hooldest.ee\/ru\/galerii\/sillutuskivid\/\" class=\"post-more-link\">\n\t\t\t\t\t\u0427\u0438\u0442\u0430\u0442\u044c \u0434\u0430\u043b\u0435\u0435<span class=\"screen-reader-text\"> \u0422\u0440\u043e\u0442\u0443\u0430\u0440\u043d\u044b\u0439 \u043a\u0430\u043c\u0435\u043d\u044c<\/span><span class=\"kadence-svg-iconset svg-baseline\"><svg aria-hidden=\"true\" class=\"kadence-svg-icon kadence-arrow-right-alt-svg\" fill=\"currentColor\" version=\"1.1\" xmlns=\"http:\/\/www.w3.org\/2000\/svg\" width=\"27\" height=\"28\" viewbox=\"0 0 27 28\"><title>\u041f\u0440\u043e\u0434\u043e\u043b\u0436\u0438\u0442\u044c<\/title><path d=\"M27 13.953c0 0.141-0.063 0.281-0.156 0.375l-6 5.531c-0.156 0.141-0.359 0.172-0.547 0.094-0.172-0.078-0.297-0.25-0.297-0.453v-3.5h-19.5c-0.281 0-0.5-0.219-0.5-0.5v-3c0-0.281 0.219-0.5 0.5-0.5h19.5v-3.5c0-0.203 0.109-0.375 0.297-0.453s0.391-0.047 0.547 0.078l6 5.469c0.094 0.094 0.156 0.219 0.156 0.359v0z\"><\/path>\n\t\t\t<\/svg><\/span>\t\t\t\t<\/a>\n\t\t\t<\/p>\n\t\t<\/div><!-- .entry-actions -->\n\t\t<\/footer><!-- .entry-footer -->\t\t<\/div>\n\t<\/article>\n<\/li>\n<\/ul>\n\n\n<p><\/p>","protected":false},"excerpt":{"rendered":"<p>\u0413\u0430\u043b\u0435\u0440\u0435\u044f<\/p>","protected":false},"author":1,"featured_media":0,"parent":0,"menu_order":0,"comment_status":"closed","ping_status":"closed","template":"","meta":{"pgc_sgb_lightbox_settings":"","footnotes":""},"class_list":["post-233","page","type-page","status-publish","hentry"],"yoast_head":"<!-- This site is optimized with the Yoast SEO plugin v27.4 - https:\/\/yoast.com\/product\/yoast-seo-wordpress\/ -->\n<title>Galerii - Hooldest<\/title>\n<meta name=\"robots\" content=\"index, follow, max-snippet:-1, max-image-preview:large, max-video-preview:-1\" \/>\n<link rel=\"canonical\" href=\"https:\/\/hooldest.ee\/ru\/galerii\/\" \/>\n<meta property=\"og:locale\" content=\"ru_RU\" \/>\n<meta property=\"og:type\" content=\"article\" \/>\n<meta property=\"og:title\" content=\"Galerii - Hooldest\" \/>\n<meta property=\"og:description\" content=\"Galerii\" \/>\n<meta property=\"og:url\" content=\"https:\/\/hooldest.ee\/ru\/galerii\/\" \/>\n<meta property=\"og:site_name\" content=\"Hooldest\" \/>\n<meta property=\"article:publisher\" content=\"https:\/\/www.facebook.com\/profile.php?id=61573741876858#\" \/>\n<meta property=\"article:modified_time\" content=\"2025-10-29T09:07:14+00:00\" \/>\n<meta name=\"twitter:card\" content=\"summary_large_image\" \/>\n<meta name=\"twitter:label1\" content=\"\u041f\u0440\u0438\u043c\u0435\u0440\u043d\u043e\u0435 \u0432\u0440\u0435\u043c\u044f \u0434\u043b\u044f \u0447\u0442\u0435\u043d\u0438\u044f\" \/>\n\t<meta name=\"twitter:data1\" content=\"1 \u043c\u0438\u043d\u0443\u0442\u0430\" \/>\n<script type=\"application\/ld+json\" class=\"yoast-schema-graph\">{\"@context\":\"https:\\\/\\\/schema.org\",\"@graph\":[{\"@type\":\"WebPage\",\"@id\":\"https:\\\/\\\/hooldest.ee\\\/galerii\\\/\",\"url\":\"https:\\\/\\\/hooldest.ee\\\/galerii\\\/\",\"name\":\"Galerii - Hooldest\",\"isPartOf\":{\"@id\":\"https:\\\/\\\/hooldest.ee\\\/#website\"},\"datePublished\":\"2025-08-11T06:56:59+00:00\",\"dateModified\":\"2025-10-29T09:07:14+00:00\",\"breadcrumb\":{\"@id\":\"https:\\\/\\\/hooldest.ee\\\/galerii\\\/#breadcrumb\"},\"inLanguage\":\"ru-RU\",\"potentialAction\":[{\"@type\":\"ReadAction\",\"target\":[\"https:\\\/\\\/hooldest.ee\\\/galerii\\\/\"]}]},{\"@type\":\"BreadcrumbList\",\"@id\":\"https:\\\/\\\/hooldest.ee\\\/galerii\\\/#breadcrumb\",\"itemListElement\":[{\"@type\":\"ListItem\",\"position\":1,\"name\":\"Avaleht\",\"item\":\"https:\\\/\\\/hooldest.ee\\\/\"},{\"@type\":\"ListItem\",\"position\":2,\"name\":\"Galerii\"}]},{\"@type\":\"WebSite\",\"@id\":\"https:\\\/\\\/hooldest.ee\\\/#website\",\"url\":\"https:\\\/\\\/hooldest.ee\\\/\",\"name\":\"Hooldest\",\"description\":\"Renoveerimine ja remont\",\"publisher\":{\"@id\":\"https:\\\/\\\/hooldest.ee\\\/#organization\"},\"potentialAction\":[{\"@type\":\"SearchAction\",\"target\":{\"@type\":\"EntryPoint\",\"urlTemplate\":\"https:\\\/\\\/hooldest.ee\\\/?s={search_term_string}\"},\"query-input\":{\"@type\":\"PropertyValueSpecification\",\"valueRequired\":true,\"valueName\":\"search_term_string\"}}],\"inLanguage\":\"ru-RU\"},{\"@type\":\"Organization\",\"@id\":\"https:\\\/\\\/hooldest.ee\\\/#organization\",\"name\":\"Hooldest\",\"alternateName\":\"hooldest\",\"url\":\"https:\\\/\\\/hooldest.ee\\\/\",\"logo\":{\"@type\":\"ImageObject\",\"inLanguage\":\"ru-RU\",\"@id\":\"https:\\\/\\\/hooldest.ee\\\/#\\\/schema\\\/logo\\\/image\\\/\",\"url\":\"https:\\\/\\\/hooldest.ee\\\/wp-content\\\/uploads\\\/2025\\\/08\\\/9451473b-934a-4336-9145-ba773471b830.png\",\"contentUrl\":\"https:\\\/\\\/hooldest.ee\\\/wp-content\\\/uploads\\\/2025\\\/08\\\/9451473b-934a-4336-9145-ba773471b830.png\",\"width\":495,\"height\":500,\"caption\":\"Hooldest\"},\"image\":{\"@id\":\"https:\\\/\\\/hooldest.ee\\\/#\\\/schema\\\/logo\\\/image\\\/\"},\"sameAs\":[\"https:\\\/\\\/www.facebook.com\\\/profile.php?id=61573741876858#\"]}]}<\/script>\n<!-- \/ Yoast SEO plugin. -->","yoast_head_json":{"title":"Galerii - Hooldest","robots":{"index":"index","follow":"follow","max-snippet":"max-snippet:-1","max-image-preview":"max-image-preview:large","max-video-preview":"max-video-preview:-1"},"canonical":"https:\/\/hooldest.ee\/ru\/galerii\/","og_locale":"ru_RU","og_type":"article","og_title":"Galerii - Hooldest","og_description":"Galerii","og_url":"https:\/\/hooldest.ee\/ru\/galerii\/","og_site_name":"Hooldest","article_publisher":"https:\/\/www.facebook.com\/profile.php?id=61573741876858#","article_modified_time":"2025-10-29T09:07:14+00:00","twitter_card":"summary_large_image","twitter_misc":{"\u041f\u0440\u0438\u043c\u0435\u0440\u043d\u043e\u0435 \u0432\u0440\u0435\u043c\u044f \u0434\u043b\u044f \u0447\u0442\u0435\u043d\u0438\u044f":"1 \u043c\u0438\u043d\u0443\u0442\u0430"},"schema":{"@context":"https:\/\/schema.org","@graph":[{"@type":"WebPage","@id":"https:\/\/hooldest.ee\/galerii\/","url":"https:\/\/hooldest.ee\/galerii\/","name":"Galerii - Hooldest","isPartOf":{"@id":"https:\/\/hooldest.ee\/#website"},"datePublished":"2025-08-11T06:56:59+00:00","dateModified":"2025-10-29T09:07:14+00:00","breadcrumb":{"@id":"https:\/\/hooldest.ee\/galerii\/#breadcrumb"},"inLanguage":"ru-RU","potentialAction":[{"@type":"ReadAction","target":["https:\/\/hooldest.ee\/galerii\/"]}]},{"@type":"BreadcrumbList","@id":"https:\/\/hooldest.ee\/galerii\/#breadcrumb","itemListElement":[{"@type":"ListItem","position":1,"name":"Avaleht","item":"https:\/\/hooldest.ee\/"},{"@type":"ListItem","position":2,"name":"Galerii"}]},{"@type":"WebSite","@id":"https:\/\/hooldest.ee\/#website","url":"https:\/\/hooldest.ee\/","name":"Hooldest","description":"\u0420\u0435\u043d\u043e\u0432\u0430\u0446\u0438\u044f \u0438 \u0440\u0435\u043c\u043e\u043d\u0442","publisher":{"@id":"https:\/\/hooldest.ee\/#organization"},"potentialAction":[{"@type":"SearchAction","target":{"@type":"EntryPoint","urlTemplate":"https:\/\/hooldest.ee\/?s={search_term_string}"},"query-input":{"@type":"PropertyValueSpecification","valueRequired":true,"valueName":"search_term_string"}}],"inLanguage":"ru-RU"},{"@type":"Organization","@id":"https:\/\/hooldest.ee\/#organization","name":"Hooldest","alternateName":"hooldest","url":"https:\/\/hooldest.ee\/","logo":{"@type":"ImageObject","inLanguage":"ru-RU","@id":"https:\/\/hooldest.ee\/#\/schema\/logo\/image\/","url":"https:\/\/hooldest.ee\/wp-content\/uploads\/2025\/08\/9451473b-934a-4336-9145-ba773471b830.png","contentUrl":"https:\/\/hooldest.ee\/wp-content\/uploads\/2025\/08\/9451473b-934a-4336-9145-ba773471b830.png","width":495,"height":500,"caption":"Hooldest"},"image":{"@id":"https:\/\/hooldest.ee\/#\/schema\/logo\/image\/"},"sameAs":["https:\/\/www.facebook.com\/profile.php?id=61573741876858#"]}]}},"_links":{"self":[{"href":"https:\/\/hooldest.ee\/ru\/wp-json\/wp\/v2\/pages\/233","targetHints":{"allow":["GET"]}}],"collection":[{"href":"https:\/\/hooldest.ee\/ru\/wp-json\/wp\/v2\/pages"}],"about":[{"href":"https:\/\/hooldest.ee\/ru\/wp-json\/wp\/v2\/types\/page"}],"author":[{"embeddable":true,"href":"https:\/\/hooldest.ee\/ru\/wp-json\/wp\/v2\/users\/1"}],"replies":[{"embeddable":true,"href":"https:\/\/hooldest.ee\/ru\/wp-json\/wp\/v2\/comments?post=233"}],"version-history":[{"count":14,"href":"https:\/\/hooldest.ee\/ru\/wp-json\/wp\/v2\/pages\/233\/revisions"}],"predecessor-version":[{"id":842,"href":"https:\/\/hooldest.ee\/ru\/wp-json\/wp\/v2\/pages\/233\/revisions\/842"}],"wp:attachment":[{"href":"https:\/\/hooldest.ee\/ru\/wp-json\/wp\/v2\/media?parent=233"}],"curies":[{"name":"wp","href":"https:\/\/api.w.org\/{rel}","templated":true}]}}