{"id":9,"date":"2025-08-06T07:46:53","date_gmt":"2025-08-06T07:46:53","guid":{"rendered":"https:\/\/hooldest.ee\/%d0%b3%d0%bb%d0%b0%d0%b2%d0%bd%d0%b0%d1%8f\/"},"modified":"2025-09-24T12:04:23","modified_gmt":"2025-09-24T12:04:23","slug":"avaleht","status":"publish","type":"page","link":"https:\/\/hooldest.ee\/ru\/","title":{"rendered":"\u0413\u043b\u0430\u0432\u043d\u0430\u044f"},"content":{"rendered":"<div data-elementor-type=\"wp-page\" data-elementor-id=\"9\" class=\"elementor elementor-9\">\n\t\t\t\t<div class=\"elementor-element elementor-element-4073e6b e-flex e-con-boxed e-con e-parent\" data-id=\"4073e6b\" data-element_type=\"container\" data-e-type=\"container\" data-settings=\"{&quot;background_background&quot;:&quot;classic&quot;}\">\n\t\t\t\t\t<div class=\"e-con-inner\">\n\t\t\t\t<div class=\"elementor-element elementor-element-9bf35bf elementor-widget elementor-widget-heading\" data-id=\"9bf35bf\" data-element_type=\"widget\" data-e-type=\"widget\" data-widget_type=\"heading.default\">\n\t\t\t\t\t<h5 class=\"elementor-heading-title elementor-size-default\">\u0434\u0435\u043b\u0430\u0435\u043c \u0442\u0430\u043a, \u0447\u0442\u043e\u0431\u044b \u0432\u044b \u0433\u043e\u0440\u0434\u0438\u043b\u0438\u0441\u044c \u0441\u0432\u043e\u0438\u043c \u0434\u043e\u043c\u043e\u043c<\/h5>\t\t\t\t<\/div>\n\t\t\t\t<div class=\"elementor-element elementor-element-016ee79 elementor-widget elementor-widget-heading\" data-id=\"016ee79\" data-element_type=\"widget\" data-e-type=\"widget\" data-widget_type=\"heading.default\">\n\t\t\t\t\t<h1 class=\"elementor-heading-title elementor-size-default\">Hooldest O\u00dc<\/h1>\t\t\t\t<\/div>\n\t\t\t\t<div class=\"elementor-element elementor-element-bfee5f6 elementor-widget elementor-widget-text-editor\" data-id=\"bfee5f6\" data-element_type=\"widget\" data-e-type=\"widget\" data-widget_type=\"text-editor.default\">\n\t\t\t\t\t\t\t\t\t<p>\u0420\u0435\u043c\u043e\u043d\u0442 \u0438 \u0431\u043b\u0430\u0433\u043e\u0443\u0441\u0442\u0440\u043e\u0439\u0441\u0442\u0432\u043e, \u043a\u043e\u0442\u043e\u0440\u044b\u0435 \u0441\u043b\u0443\u0436\u0430\u0442 \u0433\u043e\u0434\u0430\u043c\u0438<\/p>\t\t\t\t\t\t\t\t<\/div>\n\t\t\t\t<div class=\"elementor-element elementor-element-239e653 elementor-widget__width-auto elementor-widget elementor-widget-button\" data-id=\"239e653\" data-element_type=\"widget\" data-e-type=\"widget\" data-widget_type=\"button.default\">\n\t\t\t\t\t\t\t\t\t\t<a class=\"elementor-button elementor-button-link elementor-size-sm\" href=\"https:\/\/hooldest.ee\/ru\/kontakt\/\">\n\t\t\t\t\t\t<span class=\"elementor-button-content-wrapper\">\n\t\t\t\t\t\t\t\t\t<span class=\"elementor-button-text\">\u0421\u0432\u044f\u0437\u0430\u0442\u044c\u0441\u044f \u0441 \u043d\u0430\u043c\u0438<\/span>\n\t\t\t\t\t<\/span>\n\t\t\t\t\t<\/a>\n\t\t\t\t\t\t\t\t<\/div>\n\t\t\t\t\t<\/div>\n\t\t\t\t<\/div>\n\t\t<div class=\"elementor-element elementor-element-d1a00bd e-flex e-con-boxed e-con e-parent\" data-id=\"d1a00bd\" data-element_type=\"container\" data-e-type=\"container\">\n\t\t\t\t\t<div class=\"e-con-inner\">\n\t\t<div class=\"elementor-element elementor-element-491be22 e-flex e-con-boxed e-con e-child\" data-id=\"491be22\" data-element_type=\"container\" data-e-type=\"container\">\n\t\t\t\t\t<div class=\"e-con-inner\">\n\t\t\t\t<div class=\"elementor-element elementor-element-e4e0ad5 elementor-widget elementor-widget-heading\" data-id=\"e4e0ad5\" data-element_type=\"widget\" data-e-type=\"widget\" data-widget_type=\"heading.default\">\n\t\t\t\t\t<h1 class=\"elementor-heading-title elementor-size-default\">\u041c\u044b \u0440\u0430\u0431\u043e\u0442\u0430\u0435\u043c \u0434\u043b\u044f \u0432\u0430\u0448\u0435\u0433\u043e \u043a\u043e\u043c\u0444\u043e\u0440\u0442\u0430<\/h1>\t\t\t\t<\/div>\n\t\t\t\t<div class=\"elementor-element elementor-element-1ca3799 elementor-widget elementor-widget-heading\" data-id=\"1ca3799\" data-element_type=\"widget\" data-e-type=\"widget\" data-widget_type=\"heading.default\">\n\t\t\t\t\t<h3 class=\"elementor-heading-title elementor-size-default\">\u041f\u043e\u0447\u0435\u043c\u0443 \u0441 \u043d\u0430\u043c\u0438 \u043d\u0430\u0434\u0451\u0436\u043d\u043e<\/h3>\t\t\t\t<\/div>\n\t\t\t\t<div class=\"elementor-element elementor-element-1d45ed6 elementor-widget elementor-widget-text-editor\" data-id=\"1d45ed6\" data-element_type=\"widget\" data-e-type=\"widget\" data-widget_type=\"text-editor.default\">\n\t\t\t\t\t\t\t\t\t<p>\u0423\u0441\u0442\u0430\u043b\u0438 \u043e\u0442 \u043f\u0440\u043e\u0442\u0435\u043a\u0430\u044e\u0449\u0435\u0439 \u043a\u0440\u044b\u0448\u0438, \u0440\u0430\u0437\u0431\u0438\u0442\u043e\u0433\u043e \u0430\u0441\u0444\u0430\u043b\u044c\u0442\u0430 \u0438\u043b\u0438 \u0441\u0442\u0430\u0440\u043e\u0433\u043e \u043f\u043e\u0434\u044a\u0435\u0437\u0434\u0430? \u041c\u044b \u0440\u0435\u0448\u0438\u043c \u043f\u0440\u043e\u0431\u043b\u0435\u043c\u0443 \u0431\u044b\u0441\u0442\u0440\u043e, \u043a\u0430\u0447\u0435\u0441\u0442\u0432\u0435\u043d\u043d\u043e \u0438 \u0431\u0435\u0437 \u043b\u0438\u0448\u043d\u0435\u0439 \u0433\u043e\u043b\u043e\u0432\u043d\u043e\u0439 \u0431\u043e\u043b\u0438.<\/p><p>Hooldest O\u00dc on kogenud meeskond, kes v\u00f5tab enda kanda kogu protsessi: alates hindamisest ja kalkuleerimisest kuni l\u00f5ppviimistluseni. Saate valmis tulemuse, mida saate juba t\u00e4na kasutada.<\/p>\t\t\t\t\t\t\t\t<\/div>\n\t\t\t\t<div class=\"elementor-element elementor-element-2fe77b3 elementor-widget elementor-widget-text-editor\" data-id=\"2fe77b3\" data-element_type=\"widget\" data-e-type=\"widget\" data-widget_type=\"text-editor.default\">\n\t\t\t\t\t\t\t\t\t<p>\ud83d\udee0 \u0413\u0430\u0440\u0430\u043d\u0442\u0438\u044f \u043a\u0430\u0447\u0435\u0441\u0442\u0432\u0430 \u2014 \u0440\u0430\u0431\u043e\u0442\u0430\u0435\u043c \u043f\u043e \u0434\u043e\u0433\u043e\u0432\u043e\u0440\u0443, \u043e\u0442\u0432\u0435\u0447\u0430\u0435\u043c \u0437\u0430 \u0440\u0435\u0437\u0443\u043b\u044c\u0442\u0430\u0442<\/p><p>\u23f3 \u0422\u043e\u0447\u043d\u043e \u0432 \u0441\u0440\u043e\u043a \u2014 \u0447\u0451\u0442\u043a\u0438\u0439 \u0433\u0440\u0430\u0444\u0438\u043a \u0438 \u043d\u0438\u043a\u0430\u043a\u043e\u0439 \u0432\u043e\u043b\u043e\u043a\u0438\u0442\u044b<\/p><p>\ud83e\uddf1 \u041f\u0440\u043e\u0447\u043d\u044b\u0435 \u043c\u0430\u0442\u0435\u0440\u0438\u0430\u043b\u044b \u2014 \u0438\u0441\u043f\u043e\u043b\u044c\u0437\u0443\u0435\u043c \u0442\u043e\u043b\u044c\u043a\u043e \u043f\u0440\u043e\u0432\u0435\u0440\u0435\u043d\u043d\u044b\u0435 \u0440\u0435\u0448\u0435\u043d\u0438\u044f<\/p><p>\ud83d\udcb0 \u041f\u0440\u043e\u0437\u0440\u0430\u0447\u043d\u0430\u044f \u0446\u0435\u043d\u0430 \u2014 \u0431\u0435\u0437 \u0441\u043a\u0440\u044b\u0442\u044b\u0445 \u0434\u043e\u043f\u043b\u0430\u0442 \u0438 \u0441\u044e\u0440\u043f\u0440\u0438\u0437\u043e\u0432<\/p><p>\ud83d\udccd \u0420\u0430\u0431\u043e\u0442\u0430\u0435\u043c \u043f\u043e \u0432\u0441\u0435\u0439 \u042d\u0441\u0442\u043e\u043d\u0438\u0438 \u2014 \u043e\u0442 \u0422\u0430\u043b\u043b\u0438\u043d\u043d\u0430 \u0434\u043e \u041d\u0430\u0440\u0432\u044b<\/p>\t\t\t\t\t\t\t\t<\/div>\n\t\t\t\t\t<\/div>\n\t\t\t\t<\/div>\n\t\t\t\t\t<\/div>\n\t\t\t\t<\/div>\n\t\t\t\t<\/div>","protected":false},"excerpt":{"rendered":"<p>Et suudaksid oma kodu \u00fcle uhkust tunda! Hooldest O\u00dc Remondid ja t\u00e4iustused, mis kestavad aastaid V\u00f5ta \u00fchendust T\u00f6\u00f6tame teie heaolu nimel Miks valida meid Kas oled t\u00fcdinud lekkivast katusest, katkisest asfaldist v\u00f5i vanast sissep\u00e4\u00e4sust? Lahendame probleemi kiiresti, t\u00f5husalt ja ilma tarbetu peavaluta. Hooldest O\u00dc on kogenud meeskond, kes v\u00f5tab enda kanda kogu protsessi: alates hindamisest<\/p>\n<div class=\"more-link\">\n\t\t\t\t <a href=\"https:\/\/hooldest.ee\/ru\/\" class=\"link-btn theme-btn\"><span>Read More <\/span> <i class=\"fa fa-caret-right\"><\/i><\/a>\n\t\t\t<\/div>","protected":false},"author":1,"featured_media":0,"parent":0,"menu_order":0,"comment_status":"closed","ping_status":"closed","template":"","meta":{"pgc_sgb_lightbox_settings":"","footnotes":""},"class_list":["post-9","page","type-page","status-publish","hentry"],"yoast_head":"<!-- This site is optimized with the Yoast SEO plugin v27.4 - https:\/\/yoast.com\/product\/yoast-seo-wordpress\/ -->\n<title>Hooldest O\u00dc - Remont ja renoveerimine<\/title>\n<meta name=\"description\" content=\"Et suudaksid oma kodu \u00fcle uhkust tunda! Hooldest O\u00dc - Remondid ja t\u00e4iustused, mis kestavad aastaid\" \/>\n<meta name=\"robots\" content=\"index, follow, max-snippet:-1, max-image-preview:large, max-video-preview:-1\" \/>\n<link rel=\"canonical\" href=\"https:\/\/hooldest.ee\/ru\/\" \/>\n<meta property=\"og:locale\" content=\"ru_RU\" \/>\n<meta property=\"og:type\" content=\"article\" \/>\n<meta property=\"og:title\" content=\"Hooldest O\u00dc - Remont ja renoveerimine\" \/>\n<meta property=\"og:description\" content=\"Et suudaksid oma kodu \u00fcle uhkust tunda! Hooldest O\u00dc - Remondid ja t\u00e4iustused, mis kestavad aastaid\" \/>\n<meta property=\"og:url\" content=\"https:\/\/hooldest.ee\/ru\/\" \/>\n<meta property=\"og:site_name\" content=\"Hooldest\" \/>\n<meta property=\"article:publisher\" content=\"https:\/\/www.facebook.com\/profile.php?id=61573741876858#\" \/>\n<meta property=\"article:modified_time\" content=\"2025-09-24T12:04:23+00:00\" \/>\n<meta name=\"twitter:card\" content=\"summary_large_image\" \/>\n<meta name=\"twitter:label1\" content=\"\u041f\u0440\u0438\u043c\u0435\u0440\u043d\u043e\u0435 \u0432\u0440\u0435\u043c\u044f \u0434\u043b\u044f \u0447\u0442\u0435\u043d\u0438\u044f\" \/>\n\t<meta name=\"twitter:data1\" content=\"1 \u043c\u0438\u043d\u0443\u0442\u0430\" \/>\n<script type=\"application\/ld+json\" class=\"yoast-schema-graph\">{\"@context\":\"https:\\\/\\\/schema.org\",\"@graph\":[{\"@type\":\"WebPage\",\"@id\":\"https:\\\/\\\/hooldest.ee\\\/\",\"url\":\"https:\\\/\\\/hooldest.ee\\\/\",\"name\":\"Hooldest O\u00dc - Remont ja renoveerimine\",\"isPartOf\":{\"@id\":\"https:\\\/\\\/hooldest.ee\\\/#website\"},\"datePublished\":\"2025-08-06T07:46:53+00:00\",\"dateModified\":\"2025-09-24T12:04:23+00:00\",\"description\":\"Et suudaksid oma kodu \u00fcle uhkust tunda! Hooldest O\u00dc - Remondid ja t\u00e4iustused, mis kestavad aastaid\",\"breadcrumb\":{\"@id\":\"https:\\\/\\\/hooldest.ee\\\/#breadcrumb\"},\"inLanguage\":\"ru-RU\",\"potentialAction\":[{\"@type\":\"ReadAction\",\"target\":[\"https:\\\/\\\/hooldest.ee\\\/\"]}]},{\"@type\":\"BreadcrumbList\",\"@id\":\"https:\\\/\\\/hooldest.ee\\\/#breadcrumb\",\"itemListElement\":[{\"@type\":\"ListItem\",\"position\":1,\"name\":\"Avaleht\",\"item\":\"https:\\\/\\\/hooldest.ee\\\/\"},{\"@type\":\"ListItem\",\"position\":2,\"name\":\"Avaleht\"}]},{\"@type\":\"WebSite\",\"@id\":\"https:\\\/\\\/hooldest.ee\\\/#website\",\"url\":\"https:\\\/\\\/hooldest.ee\\\/\",\"name\":\"Hooldest\",\"description\":\"Renoveerimine ja remont\",\"publisher\":{\"@id\":\"https:\\\/\\\/hooldest.ee\\\/#organization\"},\"potentialAction\":[{\"@type\":\"SearchAction\",\"target\":{\"@type\":\"EntryPoint\",\"urlTemplate\":\"https:\\\/\\\/hooldest.ee\\\/?s={search_term_string}\"},\"query-input\":{\"@type\":\"PropertyValueSpecification\",\"valueRequired\":true,\"valueName\":\"search_term_string\"}}],\"inLanguage\":\"ru-RU\"},{\"@type\":\"Organization\",\"@id\":\"https:\\\/\\\/hooldest.ee\\\/#organization\",\"name\":\"Hooldest\",\"alternateName\":\"hooldest\",\"url\":\"https:\\\/\\\/hooldest.ee\\\/\",\"logo\":{\"@type\":\"ImageObject\",\"inLanguage\":\"ru-RU\",\"@id\":\"https:\\\/\\\/hooldest.ee\\\/#\\\/schema\\\/logo\\\/image\\\/\",\"url\":\"https:\\\/\\\/hooldest.ee\\\/wp-content\\\/uploads\\\/2025\\\/08\\\/9451473b-934a-4336-9145-ba773471b830.png\",\"contentUrl\":\"https:\\\/\\\/hooldest.ee\\\/wp-content\\\/uploads\\\/2025\\\/08\\\/9451473b-934a-4336-9145-ba773471b830.png\",\"width\":495,\"height\":500,\"caption\":\"Hooldest\"},\"image\":{\"@id\":\"https:\\\/\\\/hooldest.ee\\\/#\\\/schema\\\/logo\\\/image\\\/\"},\"sameAs\":[\"https:\\\/\\\/www.facebook.com\\\/profile.php?id=61573741876858#\"]}]}<\/script>\n<!-- \/ Yoast SEO plugin. -->","yoast_head_json":{"title":"Hooldest O\u00dc - Remont ja renoveerimine","description":"Et suudaksid oma kodu \u00fcle uhkust tunda! Hooldest O\u00dc - Remondid ja t\u00e4iustused, mis kestavad aastaid","robots":{"index":"index","follow":"follow","max-snippet":"max-snippet:-1","max-image-preview":"max-image-preview:large","max-video-preview":"max-video-preview:-1"},"canonical":"https:\/\/hooldest.ee\/ru\/","og_locale":"ru_RU","og_type":"article","og_title":"Hooldest O\u00dc - Remont ja renoveerimine","og_description":"Et suudaksid oma kodu \u00fcle uhkust tunda! Hooldest O\u00dc - Remondid ja t\u00e4iustused, mis kestavad aastaid","og_url":"https:\/\/hooldest.ee\/ru\/","og_site_name":"Hooldest","article_publisher":"https:\/\/www.facebook.com\/profile.php?id=61573741876858#","article_modified_time":"2025-09-24T12:04:23+00:00","twitter_card":"summary_large_image","twitter_misc":{"\u041f\u0440\u0438\u043c\u0435\u0440\u043d\u043e\u0435 \u0432\u0440\u0435\u043c\u044f \u0434\u043b\u044f \u0447\u0442\u0435\u043d\u0438\u044f":"1 \u043c\u0438\u043d\u0443\u0442\u0430"},"schema":{"@context":"https:\/\/schema.org","@graph":[{"@type":"WebPage","@id":"https:\/\/hooldest.ee\/","url":"https:\/\/hooldest.ee\/","name":"Hooldest O\u00dc - Remont ja renoveerimine","isPartOf":{"@id":"https:\/\/hooldest.ee\/#website"},"datePublished":"2025-08-06T07:46:53+00:00","dateModified":"2025-09-24T12:04:23+00:00","description":"Et suudaksid oma kodu \u00fcle uhkust tunda! Hooldest O\u00dc - Remondid ja t\u00e4iustused, mis kestavad aastaid","breadcrumb":{"@id":"https:\/\/hooldest.ee\/#breadcrumb"},"inLanguage":"ru-RU","potentialAction":[{"@type":"ReadAction","target":["https:\/\/hooldest.ee\/"]}]},{"@type":"BreadcrumbList","@id":"https:\/\/hooldest.ee\/#breadcrumb","itemListElement":[{"@type":"ListItem","position":1,"name":"Avaleht","item":"https:\/\/hooldest.ee\/"},{"@type":"ListItem","position":2,"name":"Avaleht"}]},{"@type":"WebSite","@id":"https:\/\/hooldest.ee\/#website","url":"https:\/\/hooldest.ee\/","name":"Hooldest","description":"\u0420\u0435\u043d\u043e\u0432\u0430\u0446\u0438\u044f \u0438 \u0440\u0435\u043c\u043e\u043d\u0442","publisher":{"@id":"https:\/\/hooldest.ee\/#organization"},"potentialAction":[{"@type":"SearchAction","target":{"@type":"EntryPoint","urlTemplate":"https:\/\/hooldest.ee\/?s={search_term_string}"},"query-input":{"@type":"PropertyValueSpecification","valueRequired":true,"valueName":"search_term_string"}}],"inLanguage":"ru-RU"},{"@type":"Organization","@id":"https:\/\/hooldest.ee\/#organization","name":"Hooldest","alternateName":"hooldest","url":"https:\/\/hooldest.ee\/","logo":{"@type":"ImageObject","inLanguage":"ru-RU","@id":"https:\/\/hooldest.ee\/#\/schema\/logo\/image\/","url":"https:\/\/hooldest.ee\/wp-content\/uploads\/2025\/08\/9451473b-934a-4336-9145-ba773471b830.png","contentUrl":"https:\/\/hooldest.ee\/wp-content\/uploads\/2025\/08\/9451473b-934a-4336-9145-ba773471b830.png","width":495,"height":500,"caption":"Hooldest"},"image":{"@id":"https:\/\/hooldest.ee\/#\/schema\/logo\/image\/"},"sameAs":["https:\/\/www.facebook.com\/profile.php?id=61573741876858#"]}]}},"_links":{"self":[{"href":"https:\/\/hooldest.ee\/ru\/wp-json\/wp\/v2\/pages\/9","targetHints":{"allow":["GET"]}}],"collection":[{"href":"https:\/\/hooldest.ee\/ru\/wp-json\/wp\/v2\/pages"}],"about":[{"href":"https:\/\/hooldest.ee\/ru\/wp-json\/wp\/v2\/types\/page"}],"author":[{"embeddable":true,"href":"https:\/\/hooldest.ee\/ru\/wp-json\/wp\/v2\/users\/1"}],"replies":[{"embeddable":true,"href":"https:\/\/hooldest.ee\/ru\/wp-json\/wp\/v2\/comments?post=9"}],"version-history":[{"count":30,"href":"https:\/\/hooldest.ee\/ru\/wp-json\/wp\/v2\/pages\/9\/revisions"}],"predecessor-version":[{"id":666,"href":"https:\/\/hooldest.ee\/ru\/wp-json\/wp\/v2\/pages\/9\/revisions\/666"}],"wp:attachment":[{"href":"https:\/\/hooldest.ee\/ru\/wp-json\/wp\/v2\/media?parent=9"}],"curies":[{"name":"wp","href":"https:\/\/api.w.org\/{rel}","templated":true}]}}